{"id":247,"date":"2020-12-21T10:13:46","date_gmt":"2020-12-21T09:13:46","guid":{"rendered":"https:\/\/sea-environnement.fr\/\/?page_id=247"},"modified":"2023-06-13T13:53:48","modified_gmt":"2023-06-13T11:53:48","slug":"contact","status":"publish","type":"page","link":"https:\/\/sea-environnement.fr\/index.php\/contact\/","title":{"rendered":"Contact"},"content":{"rendered":"<div class=\"wpb-content-wrapper\"><p>[vc_row][vc_column][vc_column_text]<\/p>\n<h1>SEA Environnement, l\u2019entretien et l\u2019assainissement des r\u00e9seaux de canalisations<\/h1>\n<h2>Nous contacter : +33 (0)1 69 80 03 31<\/h2>\n<p>&nbsp;<\/p>\n<h3>Recrutement<\/h3>\n<div id=\"content\">\n<div id=\"post-3823\" class=\"post-3823 page type-page status-publish hentry\">\n<div class=\"post-content\">\n<h3>Une politique de recrutement ouverte<\/h3>\n<p>SEA Environnement embauche les comp\u00e9tences venant de chez les seniors et de chez les jeunes. Nous transmettons nos savoir-faire aux jeunes recrus et les seniors recrut\u00e9s enrichissent l\u2019entreprise de leur exp\u00e9rience. Nos solutions techniques viennent la plupart du temps de chez nous gr\u00e2ce \u00e0 la permanence des \u00e9changes en interne.<\/p>\n<h3>Les besoins en personnel de SEA Environnement<\/h3>\n<p>Les activit\u00e9s de l\u2019entreprise se diversifient, c\u2019est l\u2019opportunit\u00e9 de combler nos besoins en personnel pour ceux qui veulent travailler dans le secteur de l\u2019environnement et de l\u2019assainissement.<\/p>\n<\/div>\n<\/div>\n<\/div>\n<p>[\/vc_column_text][\/vc_column][\/vc_row]<\/p>\n<\/div>","protected":false},"excerpt":{"rendered":"<p>[vc_row][vc_column][vc_column_text] SEA Environnement, l\u2019entretien et l\u2019assainissement des r\u00e9seaux de canalisations Nous contacter : +33 (0)1 69 80 03 31 &nbsp; Recrutement Une politique de recrutement ouverte SEA Environnement embauche les comp\u00e9tences venant de chez les seniors et de chez les jeunes. Nous transmettons nos savoir-faire aux jeunes recrus et les seniors recrut\u00e9s enrichissent l\u2019entreprise de&hellip;<\/p>\n","protected":false},"author":1,"featured_media":0,"parent":0,"menu_order":0,"comment_status":"closed","ping_status":"closed","template":"","meta":{"footnotes":""},"class_list":["post-247","page","type-page","status-publish","hentry","description-off"],"yoast_head":"<!-- This site is optimized with the Yoast SEO plugin v27.2 - https:\/\/yoast.com\/product\/yoast-seo-wordpress\/ -->\n<title>Contact - sea Environnement entretien et assainissement des r\u00e9seaux de canalisations<\/title>\n<meta name=\"robots\" content=\"index, follow, max-snippet:-1, max-image-preview:large, max-video-preview:-1\" \/>\n<link rel=\"canonical\" href=\"https:\/\/sea-environnement.fr\/index.php\/contact\/\" \/>\n<meta property=\"og:locale\" content=\"fr_FR\" \/>\n<meta property=\"og:type\" content=\"article\" \/>\n<meta property=\"og:title\" content=\"Contact - sea Environnement entretien et assainissement des r\u00e9seaux de canalisations\" \/>\n<meta property=\"og:description\" content=\"[vc_row][vc_column][vc_column_text] SEA Environnement, l\u2019entretien et l\u2019assainissement des r\u00e9seaux de canalisations Nous contacter : +33 (0)1 69 80 03 31 &nbsp; Recrutement Une politique de recrutement ouverte SEA Environnement embauche les comp\u00e9tences venant de chez les seniors et de chez les jeunes. Nous transmettons nos savoir-faire aux jeunes recrus et les seniors recrut\u00e9s enrichissent l\u2019entreprise de&hellip;\" \/>\n<meta property=\"og:url\" content=\"https:\/\/sea-environnement.fr\/index.php\/contact\/\" \/>\n<meta property=\"og:site_name\" content=\"sea Environnement entretien et assainissement des r\u00e9seaux de canalisations\" \/>\n<meta property=\"article:modified_time\" content=\"2023-06-13T11:53:48+00:00\" \/>\n<meta name=\"twitter:card\" content=\"summary_large_image\" \/>\n<meta name=\"twitter:label1\" content=\"Dur\u00e9e de lecture estim\u00e9e\" \/>\n\t<meta name=\"twitter:data1\" content=\"1 minute\" \/>\n<script type=\"application\/ld+json\" class=\"yoast-schema-graph\">{\"@context\":\"https:\/\/schema.org\",\"@graph\":[{\"@type\":\"WebPage\",\"@id\":\"https:\/\/sea-environnement.fr\/index.php\/contact\/\",\"url\":\"https:\/\/sea-environnement.fr\/index.php\/contact\/\",\"name\":\"Contact - sea Environnement entretien et assainissement des r\u00e9seaux de canalisations\",\"isPartOf\":{\"@id\":\"https:\/\/sea-environnement.fr\/#website\"},\"datePublished\":\"2020-12-21T09:13:46+00:00\",\"dateModified\":\"2023-06-13T11:53:48+00:00\",\"breadcrumb\":{\"@id\":\"https:\/\/sea-environnement.fr\/index.php\/contact\/#breadcrumb\"},\"inLanguage\":\"fr-FR\",\"potentialAction\":[{\"@type\":\"ReadAction\",\"target\":[\"https:\/\/sea-environnement.fr\/index.php\/contact\/\"]}]},{\"@type\":\"BreadcrumbList\",\"@id\":\"https:\/\/sea-environnement.fr\/index.php\/contact\/#breadcrumb\",\"itemListElement\":[{\"@type\":\"ListItem\",\"position\":1,\"name\":\"Accueil\",\"item\":\"https:\/\/sea-environnement.fr\/\"},{\"@type\":\"ListItem\",\"position\":2,\"name\":\"Contact\"}]},{\"@type\":\"WebSite\",\"@id\":\"https:\/\/sea-environnement.fr\/#website\",\"url\":\"https:\/\/sea-environnement.fr\/\",\"name\":\"sea Environnement entretien et assainissement des r\u00e9seaux de canalisations\",\"description\":\"sea Environnement entretien et assainissement des r\u00e9seaux de canalisations\",\"potentialAction\":[{\"@type\":\"SearchAction\",\"target\":{\"@type\":\"EntryPoint\",\"urlTemplate\":\"https:\/\/sea-environnement.fr\/?s={search_term_string}\"},\"query-input\":{\"@type\":\"PropertyValueSpecification\",\"valueRequired\":true,\"valueName\":\"search_term_string\"}}],\"inLanguage\":\"fr-FR\"}]}<\/script>\n<!-- \/ Yoast SEO plugin. -->","yoast_head_json":{"title":"Contact - sea Environnement entretien et assainissement des r\u00e9seaux de canalisations","robots":{"index":"index","follow":"follow","max-snippet":"max-snippet:-1","max-image-preview":"max-image-preview:large","max-video-preview":"max-video-preview:-1"},"canonical":"https:\/\/sea-environnement.fr\/index.php\/contact\/","og_locale":"fr_FR","og_type":"article","og_title":"Contact - sea Environnement entretien et assainissement des r\u00e9seaux de canalisations","og_description":"[vc_row][vc_column][vc_column_text] SEA Environnement, l\u2019entretien et l\u2019assainissement des r\u00e9seaux de canalisations Nous contacter : +33 (0)1 69 80 03 31 &nbsp; Recrutement Une politique de recrutement ouverte SEA Environnement embauche les comp\u00e9tences venant de chez les seniors et de chez les jeunes. Nous transmettons nos savoir-faire aux jeunes recrus et les seniors recrut\u00e9s enrichissent l\u2019entreprise de&hellip;","og_url":"https:\/\/sea-environnement.fr\/index.php\/contact\/","og_site_name":"sea Environnement entretien et assainissement des r\u00e9seaux de canalisations","article_modified_time":"2023-06-13T11:53:48+00:00","twitter_card":"summary_large_image","twitter_misc":{"Dur\u00e9e de lecture estim\u00e9e":"1 minute"},"schema":{"@context":"https:\/\/schema.org","@graph":[{"@type":"WebPage","@id":"https:\/\/sea-environnement.fr\/index.php\/contact\/","url":"https:\/\/sea-environnement.fr\/index.php\/contact\/","name":"Contact - sea Environnement entretien et assainissement des r\u00e9seaux de canalisations","isPartOf":{"@id":"https:\/\/sea-environnement.fr\/#website"},"datePublished":"2020-12-21T09:13:46+00:00","dateModified":"2023-06-13T11:53:48+00:00","breadcrumb":{"@id":"https:\/\/sea-environnement.fr\/index.php\/contact\/#breadcrumb"},"inLanguage":"fr-FR","potentialAction":[{"@type":"ReadAction","target":["https:\/\/sea-environnement.fr\/index.php\/contact\/"]}]},{"@type":"BreadcrumbList","@id":"https:\/\/sea-environnement.fr\/index.php\/contact\/#breadcrumb","itemListElement":[{"@type":"ListItem","position":1,"name":"Accueil","item":"https:\/\/sea-environnement.fr\/"},{"@type":"ListItem","position":2,"name":"Contact"}]},{"@type":"WebSite","@id":"https:\/\/sea-environnement.fr\/#website","url":"https:\/\/sea-environnement.fr\/","name":"sea Environnement entretien et assainissement des r\u00e9seaux de canalisations","description":"sea Environnement entretien et assainissement des r\u00e9seaux de canalisations","potentialAction":[{"@type":"SearchAction","target":{"@type":"EntryPoint","urlTemplate":"https:\/\/sea-environnement.fr\/?s={search_term_string}"},"query-input":{"@type":"PropertyValueSpecification","valueRequired":true,"valueName":"search_term_string"}}],"inLanguage":"fr-FR"}]}},"_links":{"self":[{"href":"https:\/\/sea-environnement.fr\/index.php\/wp-json\/wp\/v2\/pages\/247","targetHints":{"allow":["GET"]}}],"collection":[{"href":"https:\/\/sea-environnement.fr\/index.php\/wp-json\/wp\/v2\/pages"}],"about":[{"href":"https:\/\/sea-environnement.fr\/index.php\/wp-json\/wp\/v2\/types\/page"}],"author":[{"embeddable":true,"href":"https:\/\/sea-environnement.fr\/index.php\/wp-json\/wp\/v2\/users\/1"}],"replies":[{"embeddable":true,"href":"https:\/\/sea-environnement.fr\/index.php\/wp-json\/wp\/v2\/comments?post=247"}],"version-history":[{"count":15,"href":"https:\/\/sea-environnement.fr\/index.php\/wp-json\/wp\/v2\/pages\/247\/revisions"}],"predecessor-version":[{"id":680,"href":"https:\/\/sea-environnement.fr\/index.php\/wp-json\/wp\/v2\/pages\/247\/revisions\/680"}],"wp:attachment":[{"href":"https:\/\/sea-environnement.fr\/index.php\/wp-json\/wp\/v2\/media?parent=247"}],"curies":[{"name":"wp","href":"https:\/\/api.w.org\/{rel}","templated":true}]}}