{"id":40,"date":"2020-12-16T19:00:12","date_gmt":"2020-12-16T18:00:12","guid":{"rendered":"https:\/\/sea-environnement.fr\/\/?page_id=40"},"modified":"2020-12-23T15:38:50","modified_gmt":"2020-12-23T14:38:50","slug":"entretien-des-reseaux-de-canalisations-industriels-ou-privatifs","status":"publish","type":"page","link":"https:\/\/sea-environnement.fr\/index.php\/prestations\/entretien-des-reseaux-de-canalisations-industriels-ou-privatifs\/","title":{"rendered":"Entretien des r\u00e9seaux de canalisations industriels ou privatifs"},"content":{"rendered":"<div class=\"wpb-content-wrapper\"><p>[vc_row][vc_column][vc_column_text]<\/p>\n<h1>SEA Environnement, l\u2019entretien et l\u2019assainissement des r\u00e9seaux de canalisations<\/h1>\n<h2>Entretien des r\u00e9seaux de canalisations industriels ou privatifs<\/h2>\n<p>Activit\u00e9 sp\u00e9cifique qui rel\u00e8ve d\u2019\u00e9tudes pr\u00e9alables. Notre service \u00e9tude est \u00e0 disposition pour trouver la solution adapt\u00e9e \u00e0 chaque industriel. Notre personnel form\u00e9 au risque chimique n1n2 est habilit\u00e9 \u00e0 intervenir sur site industriel \u2026[\/vc_column_text][\/vc_column][\/vc_row][vc_row][vc_column width=\u00a0\u00bb1\/4&Prime;][vc_widget_sidebar sidebar_id=\u00a0\u00bbsidebar_3&Prime;][\/vc_column][vc_column width=\u00a0\u00bb3\/4&Prime;][vc_row_inner][vc_column_inner width=\u00a0\u00bb1\/2&Prime;][vc_column_text]<img loading=\"lazy\" decoding=\"async\" class=\"alignnone wp-image-199 aligncenter\" src=\"https:\/\/sea-environnement.fr\/\/wp-content\/uploads\/2020\/12\/24b-entretien-reseau-industriel-essonne-91-sea-entretien-assainissement-canalisations.jpg\" alt=\"24b entretien reseau industriel essonne 91 sea entretien assainissement canalisations\" width=\"214\" height=\"214\" srcset=\"https:\/\/sea-environnement.fr\/wp-content\/uploads\/2020\/12\/24b-entretien-reseau-industriel-essonne-91-sea-entretien-assainissement-canalisations.jpg 160w, https:\/\/sea-environnement.fr\/wp-content\/uploads\/2020\/12\/24b-entretien-reseau-industriel-essonne-91-sea-entretien-assainissement-canalisations-150x150.jpg 150w\" sizes=\"auto, (max-width: 214px) 100vw, 214px\" \/>[\/vc_column_text][\/vc_column_inner][vc_column_inner width=\u00a0\u00bb1\/2&Prime;][vc_column_text]<img loading=\"lazy\" decoding=\"async\" class=\"alignnone wp-image-200 aligncenter\" src=\"https:\/\/sea-environnement.fr\/\/wp-content\/uploads\/2020\/12\/26b-entretien-reseau-industriel-essonne-91-sea-entretien-assainissement-canalisations.jpg\" alt=\"26b entretien reseau industriel essonne 91 sea entretien assainissement canalisations\" width=\"214\" height=\"214\" srcset=\"https:\/\/sea-environnement.fr\/wp-content\/uploads\/2020\/12\/26b-entretien-reseau-industriel-essonne-91-sea-entretien-assainissement-canalisations.jpg 307w, https:\/\/sea-environnement.fr\/wp-content\/uploads\/2020\/12\/26b-entretien-reseau-industriel-essonne-91-sea-entretien-assainissement-canalisations-300x300.jpg 300w, https:\/\/sea-environnement.fr\/wp-content\/uploads\/2020\/12\/26b-entretien-reseau-industriel-essonne-91-sea-entretien-assainissement-canalisations-150x150.jpg 150w\" sizes=\"auto, (max-width: 214px) 100vw, 214px\" \/>[\/vc_column_text][\/vc_column_inner][\/vc_row_inner][vc_column_text css=\u00a0\u00bb.vc_custom_1608725537869{border-left-width: 1px !important;padding-left: 20px !important;border-left-color: #1a6bb2 !important;border-left-style: solid !important;}\u00a0\u00bb]<\/p>\n<h2>1\/ Les actions pr\u00e9ventives des canalisations d\u2019assainissement :<\/h2>\n<ul>\n<li>Contr\u00f4les r\u00e9guliers de l\u2019ensemble des \u00e9l\u00e9ments du r\u00e9seau,<\/li>\n<li>Contr\u00f4le \u00e0 la r\u00e9ception d\u2019un ouvrage neuf ou pour la r\u00e9alisation d\u2019un diagnostic avant r\u00e9habilitation d\u2019un r\u00e9seau,<\/li>\n<li>Curage et visite vid\u00e9o,<\/li>\n<li>Rapport de visite (Compte-rendu, photo, vid\u00e9o)<\/li>\n<li>R\u00e9habilitation,<\/li>\n<li>Diagnostic et conseils\u2026<\/li>\n<\/ul>\n<h2>2\/ Les actions urgentes<\/h2>\n<p>Dans les plus brefs d\u00e9lais sur appel t\u00e9l\u00e9phonique, SEA Environnement envoie une \u00e9quipe sur place, accompagn\u00e9e des moyens d\u2019intervention adapt\u00e9s (Camion pompeur \u2013 hydrocureur), qui d\u00e9sengorge et r\u00e9tablit l\u2019\u00e9coulement normale du r\u00e9seau.<\/p>\n<ul>\n<li>D\u00e9sobstruction, curage hydrodynamique des canalisations,<\/li>\n<li>Pompage d\u2019avaloirs, de bassins d\u2019orage,<\/li>\n<li>Nettoyage de stations d\u2019\u00e9puration, relevage, bacs \u00e0 graisse, vidange de fosses toutes eaux \u2026<\/li>\n<\/ul>\n<p>&nbsp;<\/p>\n<h6>SEA Environnement intervient 12\/12 mois, 7\/7 jours, 24\/24 heures<\/h6>\n<p>[\/vc_column_text][vc_row_inner][vc_column_inner width=\u00a0\u00bb1\/3&Prime;][\/vc_column_inner][vc_column_inner width=\u00a0\u00bb1\/3&Prime;][vc_btn title=\u00a0\u00bbNous contacteren cliquant ici\u00a0\u00bb color=\u00a0\u00bbprimary\u00a0\u00bb align=\u00a0\u00bbcenter\u00a0\u00bb i_type=\u00a0\u00bbtypicons\u00a0\u00bb i_icon_typicons=\u00a0\u00bbtypcn typcn-arrow-forward-outline\u00a0\u00bb add_icon=\u00a0\u00bbtrue\u00a0\u00bb][\/vc_column_inner][vc_column_inner width=\u00a0\u00bb1\/3&Prime;][\/vc_column_inner][\/vc_row_inner][\/vc_column][\/vc_row]<\/p>\n<\/div>","protected":false},"excerpt":{"rendered":"<p>[vc_row][vc_column][vc_column_text] SEA Environnement, l\u2019entretien et l\u2019assainissement des r\u00e9seaux de canalisations Entretien des r\u00e9seaux de canalisations industriels ou privatifs Activit\u00e9 sp\u00e9cifique qui rel\u00e8ve d\u2019\u00e9tudes pr\u00e9alables. Notre service \u00e9tude est \u00e0 disposition pour trouver la solution adapt\u00e9e \u00e0 chaque industriel. Notre personnel form\u00e9 au risque chimique n1n2 est habilit\u00e9 \u00e0 intervenir sur site industriel \u2026[\/vc_column_text][\/vc_column][\/vc_row][vc_row][vc_column width=\u00a0\u00bb1\/4&Prime;][vc_widget_sidebar sidebar_id=\u00a0\u00bbsidebar_3&Prime;][\/vc_column][vc_column&hellip;<\/p>\n","protected":false},"author":1,"featured_media":0,"parent":35,"menu_order":0,"comment_status":"closed","ping_status":"closed","template":"","meta":{"footnotes":""},"class_list":["post-40","page","type-page","status-publish","hentry","description-off"],"yoast_head":"<!-- This site is optimized with the Yoast SEO plugin v27.3 - https:\/\/yoast.com\/product\/yoast-seo-wordpress\/ -->\n<title>Entretien des r\u00e9seaux de canalisations industriels ou privatifs - sea Environnement entretien et assainissement des r\u00e9seaux de canalisations<\/title>\n<meta name=\"description\" content=\"Activit\u00e9 sp\u00e9cifique qui rel\u00e8ve d\u2019\u00e9tudes pr\u00e9alables. Actions pr\u00e9ventives. Diagnostic et conseils. Actions urgentes.12\/12 mois, 7\/7 jrs, 24\/24h\" \/>\n<meta name=\"robots\" content=\"index, follow, max-snippet:-1, max-image-preview:large, max-video-preview:-1\" \/>\n<link rel=\"canonical\" href=\"https:\/\/sea-environnement.fr\/index.php\/prestations\/entretien-des-reseaux-de-canalisations-industriels-ou-privatifs\/\" \/>\n<meta property=\"og:locale\" content=\"fr_FR\" \/>\n<meta property=\"og:type\" content=\"article\" \/>\n<meta property=\"og:title\" content=\"Entretien des r\u00e9seaux de canalisations industriels ou privatifs - sea Environnement entretien et assainissement des r\u00e9seaux de canalisations\" \/>\n<meta property=\"og:description\" content=\"Activit\u00e9 sp\u00e9cifique qui rel\u00e8ve d\u2019\u00e9tudes pr\u00e9alables. Actions pr\u00e9ventives. Diagnostic et conseils. Actions urgentes.12\/12 mois, 7\/7 jrs, 24\/24h\" \/>\n<meta property=\"og:url\" content=\"https:\/\/sea-environnement.fr\/index.php\/prestations\/entretien-des-reseaux-de-canalisations-industriels-ou-privatifs\/\" \/>\n<meta property=\"og:site_name\" content=\"sea Environnement entretien et assainissement des r\u00e9seaux de canalisations\" \/>\n<meta property=\"article:modified_time\" content=\"2020-12-23T14:38:50+00:00\" \/>\n<meta property=\"og:image\" content=\"https:\/\/sea-environnement.fr\/\/wp-content\/uploads\/2020\/12\/24b-entretien-reseau-industriel-essonne-91-sea-entretien-assainissement-canalisations.jpg\" \/>\n<meta name=\"twitter:card\" content=\"summary_large_image\" \/>\n<meta name=\"twitter:label1\" content=\"Dur\u00e9e de lecture estim\u00e9e\" \/>\n\t<meta name=\"twitter:data1\" content=\"2 minutes\" \/>\n<script type=\"application\/ld+json\" class=\"yoast-schema-graph\">{\"@context\":\"https:\\\/\\\/schema.org\",\"@graph\":[{\"@type\":\"WebPage\",\"@id\":\"https:\\\/\\\/sea-environnement.fr\\\/index.php\\\/prestations\\\/entretien-des-reseaux-de-canalisations-industriels-ou-privatifs\\\/\",\"url\":\"https:\\\/\\\/sea-environnement.fr\\\/index.php\\\/prestations\\\/entretien-des-reseaux-de-canalisations-industriels-ou-privatifs\\\/\",\"name\":\"Entretien des r\u00e9seaux de canalisations industriels ou privatifs - sea Environnement entretien et assainissement des r\u00e9seaux de canalisations\",\"isPartOf\":{\"@id\":\"https:\\\/\\\/sea-environnement.fr\\\/#website\"},\"primaryImageOfPage\":{\"@id\":\"https:\\\/\\\/sea-environnement.fr\\\/index.php\\\/prestations\\\/entretien-des-reseaux-de-canalisations-industriels-ou-privatifs\\\/#primaryimage\"},\"image\":{\"@id\":\"https:\\\/\\\/sea-environnement.fr\\\/index.php\\\/prestations\\\/entretien-des-reseaux-de-canalisations-industriels-ou-privatifs\\\/#primaryimage\"},\"thumbnailUrl\":\"https:\\\/\\\/sea-environnement.fr\\\/\\\/wp-content\\\/uploads\\\/2020\\\/12\\\/24b-entretien-reseau-industriel-essonne-91-sea-entretien-assainissement-canalisations.jpg\",\"datePublished\":\"2020-12-16T18:00:12+00:00\",\"dateModified\":\"2020-12-23T14:38:50+00:00\",\"description\":\"Activit\u00e9 sp\u00e9cifique qui rel\u00e8ve d\u2019\u00e9tudes pr\u00e9alables. Actions pr\u00e9ventives. Diagnostic et conseils. Actions urgentes.12\\\/12 mois, 7\\\/7 jrs, 24\\\/24h\",\"breadcrumb\":{\"@id\":\"https:\\\/\\\/sea-environnement.fr\\\/index.php\\\/prestations\\\/entretien-des-reseaux-de-canalisations-industriels-ou-privatifs\\\/#breadcrumb\"},\"inLanguage\":\"fr-FR\",\"potentialAction\":[{\"@type\":\"ReadAction\",\"target\":[\"https:\\\/\\\/sea-environnement.fr\\\/index.php\\\/prestations\\\/entretien-des-reseaux-de-canalisations-industriels-ou-privatifs\\\/\"]}]},{\"@type\":\"ImageObject\",\"inLanguage\":\"fr-FR\",\"@id\":\"https:\\\/\\\/sea-environnement.fr\\\/index.php\\\/prestations\\\/entretien-des-reseaux-de-canalisations-industriels-ou-privatifs\\\/#primaryimage\",\"url\":\"https:\\\/\\\/sea-environnement.fr\\\/wp-content\\\/uploads\\\/2020\\\/12\\\/24b-entretien-reseau-industriel-essonne-91-sea-entretien-assainissement-canalisations.jpg\",\"contentUrl\":\"https:\\\/\\\/sea-environnement.fr\\\/wp-content\\\/uploads\\\/2020\\\/12\\\/24b-entretien-reseau-industriel-essonne-91-sea-entretien-assainissement-canalisations.jpg\",\"width\":160,\"height\":160,\"caption\":\"24b entretien reseau industriel essonne 91 sea entretien assainissement canalisations\"},{\"@type\":\"BreadcrumbList\",\"@id\":\"https:\\\/\\\/sea-environnement.fr\\\/index.php\\\/prestations\\\/entretien-des-reseaux-de-canalisations-industriels-ou-privatifs\\\/#breadcrumb\",\"itemListElement\":[{\"@type\":\"ListItem\",\"position\":1,\"name\":\"Accueil\",\"item\":\"https:\\\/\\\/sea-environnement.fr\\\/\"},{\"@type\":\"ListItem\",\"position\":2,\"name\":\"Prestations\",\"item\":\"https:\\\/\\\/sea-environnement.fr\\\/index.php\\\/prestations\\\/\"},{\"@type\":\"ListItem\",\"position\":3,\"name\":\"Entretien des r\u00e9seaux de canalisations industriels ou privatifs\"}]},{\"@type\":\"WebSite\",\"@id\":\"https:\\\/\\\/sea-environnement.fr\\\/#website\",\"url\":\"https:\\\/\\\/sea-environnement.fr\\\/\",\"name\":\"sea Environnement entretien et assainissement des r\u00e9seaux de canalisations\",\"description\":\"sea Environnement entretien et assainissement des r\u00e9seaux de canalisations\",\"potentialAction\":[{\"@type\":\"SearchAction\",\"target\":{\"@type\":\"EntryPoint\",\"urlTemplate\":\"https:\\\/\\\/sea-environnement.fr\\\/?s={search_term_string}\"},\"query-input\":{\"@type\":\"PropertyValueSpecification\",\"valueRequired\":true,\"valueName\":\"search_term_string\"}}],\"inLanguage\":\"fr-FR\"}]}<\/script>\n<!-- \/ Yoast SEO plugin. -->","yoast_head_json":{"title":"Entretien des r\u00e9seaux de canalisations industriels ou privatifs - sea Environnement entretien et assainissement des r\u00e9seaux de canalisations","description":"Activit\u00e9 sp\u00e9cifique qui rel\u00e8ve d\u2019\u00e9tudes pr\u00e9alables. Actions pr\u00e9ventives. Diagnostic et conseils. Actions urgentes.12\/12 mois, 7\/7 jrs, 24\/24h","robots":{"index":"index","follow":"follow","max-snippet":"max-snippet:-1","max-image-preview":"max-image-preview:large","max-video-preview":"max-video-preview:-1"},"canonical":"https:\/\/sea-environnement.fr\/index.php\/prestations\/entretien-des-reseaux-de-canalisations-industriels-ou-privatifs\/","og_locale":"fr_FR","og_type":"article","og_title":"Entretien des r\u00e9seaux de canalisations industriels ou privatifs - sea Environnement entretien et assainissement des r\u00e9seaux de canalisations","og_description":"Activit\u00e9 sp\u00e9cifique qui rel\u00e8ve d\u2019\u00e9tudes pr\u00e9alables. Actions pr\u00e9ventives. Diagnostic et conseils. Actions urgentes.12\/12 mois, 7\/7 jrs, 24\/24h","og_url":"https:\/\/sea-environnement.fr\/index.php\/prestations\/entretien-des-reseaux-de-canalisations-industriels-ou-privatifs\/","og_site_name":"sea Environnement entretien et assainissement des r\u00e9seaux de canalisations","article_modified_time":"2020-12-23T14:38:50+00:00","og_image":[{"url":"https:\/\/sea-environnement.fr\/\/wp-content\/uploads\/2020\/12\/24b-entretien-reseau-industriel-essonne-91-sea-entretien-assainissement-canalisations.jpg","type":"","width":"","height":""}],"twitter_card":"summary_large_image","twitter_misc":{"Dur\u00e9e de lecture estim\u00e9e":"2 minutes"},"schema":{"@context":"https:\/\/schema.org","@graph":[{"@type":"WebPage","@id":"https:\/\/sea-environnement.fr\/index.php\/prestations\/entretien-des-reseaux-de-canalisations-industriels-ou-privatifs\/","url":"https:\/\/sea-environnement.fr\/index.php\/prestations\/entretien-des-reseaux-de-canalisations-industriels-ou-privatifs\/","name":"Entretien des r\u00e9seaux de canalisations industriels ou privatifs - sea Environnement entretien et assainissement des r\u00e9seaux de canalisations","isPartOf":{"@id":"https:\/\/sea-environnement.fr\/#website"},"primaryImageOfPage":{"@id":"https:\/\/sea-environnement.fr\/index.php\/prestations\/entretien-des-reseaux-de-canalisations-industriels-ou-privatifs\/#primaryimage"},"image":{"@id":"https:\/\/sea-environnement.fr\/index.php\/prestations\/entretien-des-reseaux-de-canalisations-industriels-ou-privatifs\/#primaryimage"},"thumbnailUrl":"https:\/\/sea-environnement.fr\/\/wp-content\/uploads\/2020\/12\/24b-entretien-reseau-industriel-essonne-91-sea-entretien-assainissement-canalisations.jpg","datePublished":"2020-12-16T18:00:12+00:00","dateModified":"2020-12-23T14:38:50+00:00","description":"Activit\u00e9 sp\u00e9cifique qui rel\u00e8ve d\u2019\u00e9tudes pr\u00e9alables. Actions pr\u00e9ventives. Diagnostic et conseils. Actions urgentes.12\/12 mois, 7\/7 jrs, 24\/24h","breadcrumb":{"@id":"https:\/\/sea-environnement.fr\/index.php\/prestations\/entretien-des-reseaux-de-canalisations-industriels-ou-privatifs\/#breadcrumb"},"inLanguage":"fr-FR","potentialAction":[{"@type":"ReadAction","target":["https:\/\/sea-environnement.fr\/index.php\/prestations\/entretien-des-reseaux-de-canalisations-industriels-ou-privatifs\/"]}]},{"@type":"ImageObject","inLanguage":"fr-FR","@id":"https:\/\/sea-environnement.fr\/index.php\/prestations\/entretien-des-reseaux-de-canalisations-industriels-ou-privatifs\/#primaryimage","url":"https:\/\/sea-environnement.fr\/wp-content\/uploads\/2020\/12\/24b-entretien-reseau-industriel-essonne-91-sea-entretien-assainissement-canalisations.jpg","contentUrl":"https:\/\/sea-environnement.fr\/wp-content\/uploads\/2020\/12\/24b-entretien-reseau-industriel-essonne-91-sea-entretien-assainissement-canalisations.jpg","width":160,"height":160,"caption":"24b entretien reseau industriel essonne 91 sea entretien assainissement canalisations"},{"@type":"BreadcrumbList","@id":"https:\/\/sea-environnement.fr\/index.php\/prestations\/entretien-des-reseaux-de-canalisations-industriels-ou-privatifs\/#breadcrumb","itemListElement":[{"@type":"ListItem","position":1,"name":"Accueil","item":"https:\/\/sea-environnement.fr\/"},{"@type":"ListItem","position":2,"name":"Prestations","item":"https:\/\/sea-environnement.fr\/index.php\/prestations\/"},{"@type":"ListItem","position":3,"name":"Entretien des r\u00e9seaux de canalisations industriels ou privatifs"}]},{"@type":"WebSite","@id":"https:\/\/sea-environnement.fr\/#website","url":"https:\/\/sea-environnement.fr\/","name":"sea Environnement entretien et assainissement des r\u00e9seaux de canalisations","description":"sea Environnement entretien et assainissement des r\u00e9seaux de canalisations","potentialAction":[{"@type":"SearchAction","target":{"@type":"EntryPoint","urlTemplate":"https:\/\/sea-environnement.fr\/?s={search_term_string}"},"query-input":{"@type":"PropertyValueSpecification","valueRequired":true,"valueName":"search_term_string"}}],"inLanguage":"fr-FR"}]}},"_links":{"self":[{"href":"https:\/\/sea-environnement.fr\/index.php\/wp-json\/wp\/v2\/pages\/40","targetHints":{"allow":["GET"]}}],"collection":[{"href":"https:\/\/sea-environnement.fr\/index.php\/wp-json\/wp\/v2\/pages"}],"about":[{"href":"https:\/\/sea-environnement.fr\/index.php\/wp-json\/wp\/v2\/types\/page"}],"author":[{"embeddable":true,"href":"https:\/\/sea-environnement.fr\/index.php\/wp-json\/wp\/v2\/users\/1"}],"replies":[{"embeddable":true,"href":"https:\/\/sea-environnement.fr\/index.php\/wp-json\/wp\/v2\/comments?post=40"}],"version-history":[{"count":6,"href":"https:\/\/sea-environnement.fr\/index.php\/wp-json\/wp\/v2\/pages\/40\/revisions"}],"predecessor-version":[{"id":407,"href":"https:\/\/sea-environnement.fr\/index.php\/wp-json\/wp\/v2\/pages\/40\/revisions\/407"}],"up":[{"embeddable":true,"href":"https:\/\/sea-environnement.fr\/index.php\/wp-json\/wp\/v2\/pages\/35"}],"wp:attachment":[{"href":"https:\/\/sea-environnement.fr\/index.php\/wp-json\/wp\/v2\/media?parent=40"}],"curies":[{"name":"wp","href":"https:\/\/api.w.org\/{rel}","templated":true}]}}