{"id":42,"date":"2020-12-16T19:05:14","date_gmt":"2020-12-16T18:05:14","guid":{"rendered":"https:\/\/sea-environnement.fr\/\/?page_id=42"},"modified":"2022-05-18T17:39:02","modified_gmt":"2022-05-18T15:39:02","slug":"degorgement-debouchage-de-canalisations","status":"publish","type":"page","link":"https:\/\/sea-environnement.fr\/index.php\/prestations\/degorgement-debouchage-de-canalisations\/","title":{"rendered":"D\u00e9gorgement, d\u00e9bouchage de canalisations"},"content":{"rendered":"<div class=\"wpb-content-wrapper\"><p>[vc_row][vc_column][vc_column_text]<\/p>\n<h1>D\u00e9gorgement, d\u00e9bouchage de canalisations<\/h1>\n<p>[\/vc_column_text][\/vc_column][\/vc_row][vc_row][vc_column width=\u00a0\u00bb1\/4&Prime;][vc_widget_sidebar sidebar_id=\u00a0\u00bbsidebar_3&Prime;][\/vc_column][vc_column width=\u00a0\u00bb3\/4&Prime;][vc_column_text css=\u00a0\u00bb.vc_custom_1608718367250{border-left-width: 1px !important;padding-left: 20px !important;border-left-color: #185fa5 !important;border-left-style: solid !important;}\u00a0\u00bb]Dans les situations o\u00f9 la rapidit\u00e9 d\u2019intervention est un facteur d\u00e9terminant pour travailler avec une entreprise d\u2019assainissement de canalisations, SEA Environnement met en \u0153uvre les moyens et les \u00e9quipes qui lui permettent d\u2019intervenir dans les plus brefs d\u00e9lais.<\/p>\n<p>&nbsp;<\/p>\n<h2><img loading=\"lazy\" decoding=\"async\" class=\"size-full wp-image-196 alignright\" src=\"https:\/\/sea-environnement.fr\/\/wp-content\/uploads\/2020\/12\/18b-degorgement-debouchage-canalisation-essonne-91-sea-entretien-assainissement-canalisations.jpg\" alt=\"18b degorgement debouchage canalisation essonne 91 sea entretien assainissement canalisations\" width=\"160\" height=\"160\" srcset=\"https:\/\/sea-environnement.fr\/wp-content\/uploads\/2020\/12\/18b-degorgement-debouchage-canalisation-essonne-91-sea-entretien-assainissement-canalisations.jpg 160w, https:\/\/sea-environnement.fr\/wp-content\/uploads\/2020\/12\/18b-degorgement-debouchage-canalisation-essonne-91-sea-entretien-assainissement-canalisations-150x150.jpg 150w\" sizes=\"auto, (max-width: 160px) 100vw, 160px\" \/>SEA Environnement intervient sur tous les types de canalisation quelques soient leurs diam\u00e8tres et leurs longueurs.<\/h2>\n<p>Que ce soient pour les collectivit\u00e9s locales, les entreprises, les industriels, les professionnels de l\u2019immobilier et les particuliers SEA Environnement dispose de tous les \u00e9quipements n\u00e9cessaires (camions, vid\u00e9o, pompage \u2026) pour r\u00e9tablir l\u2019\u00e9vacuation des eaux us\u00e9es qui perturbe le bon \u00e9coulement des canalisations.<\/p>\n<p>&nbsp;<\/p>\n<h3>Pr\u00e9cautions \u00e0 prendre pour l\u2019assainissement de canalisation<\/h3>\n<p>Par la suite apr\u00e8s les op\u00e9rations de d\u00e9gorgement ou de d\u00e9bouchage des canalisations, pour plus de s\u00e9curit\u00e9, une inspection vid\u00e9o (d\u00e9tection de fuite, obstruction, d\u00e9tartrage\u2026) peut-\u00eatre pr\u00e9conis\u00e9 suivi d\u2019un pompage \u00e0 haute pression ou d\u2019un curage (limitation des pollutions et des odeurs). Pour en savoir plus sur l\u2019inspection vid\u00e9o, le pompage et le curage de canalisations.<\/p>\n<p>&nbsp;<\/p>\n<h4>SEA Environnement intervient 12\/12 mois, 7\/7 jours, 24\/24 heures<\/h4>\n<p>[\/vc_column_text][vc_row_inner][vc_column_inner width=\u00a0\u00bb1\/3&Prime;][\/vc_column_inner][vc_column_inner width=\u00a0\u00bb1\/3&Prime;][vc_btn title=\u00a0\u00bbNous contacter en cliquant ici\u00a0\u00bb color=\u00a0\u00bbprimary\u00a0\u00bb align=\u00a0\u00bbcenter\u00a0\u00bb i_type=\u00a0\u00bbtypicons\u00a0\u00bb i_icon_typicons=\u00a0\u00bbtypcn typcn-arrow-forward-outline\u00a0\u00bb add_icon=\u00a0\u00bbtrue\u00a0\u00bb link=\u00a0\u00bburl:https%3A%2F%2Fwww.eferbecomprod.fr%2Findex.php%2Fcontact%2F|title:Contact\u00a0\u00bb][\/vc_column_inner][vc_column_inner width=\u00a0\u00bb1\/3&Prime;][\/vc_column_inner][\/vc_row_inner][\/vc_column][\/vc_row][vc_row][vc_column][vc_column_text]<\/p>\n<h4><span style=\"color: #a8a8a8;\">Les villes d&rsquo;Essonne 91 et alentours o\u00f9 nous nous intervenons rapidement<\/span><\/h4>\n<p><span style=\"color: #a8a8a8;\">Arpajon (91290) &#8211; Athis-Mons (91200) &#8211; Avrainville (91630) &#8211; Ballainvilliers (91160) &#8211; Ballancourt-sur-Essonne (91610) &#8211; Baulne (91590) &#8211; Bi\u00e8vres (91570) &#8211; Bondoufle (91070) &#8211; Bouray-sur-Juine (91850) &#8211; Br\u00e9tigny-sur-orge (91220) &#8211; Breuillet (91650) &#8211; Bri\u00e8res-les-Scell\u00e9s (91150) &#8211; Briis-sous-Forges (91640) &#8211;\u00a0 Brunoy (91800) &#8211; Bruy\u00e8res-le-Chatel (91680) &#8211; Bures-sur-Yvette (91440) &#8211; Cerny (91590) &#8211; Chilly-Mazarin (91380) &#8211; Corbeil-Essonnes (91100) &#8211; Courances (91490) &#8211; Courcouronnes (91080) &#8211; Courdimanche-sur-Essonne (91720) &#8211; Crosne (91560) &#8211; Dourdan (91410) &#8211; Draveil (91210) &#8211; \u00c9pinay-sous-S\u00e9nart (91860) &#8211; \u00c9pinay-sur-orge (91360) &#8211; \u00c9tampes (91150) &#8211; \u00c9tiolles (91450) &#8211; \u00c9trechy (91580) &#8211; \u00c9vry (91090) &#8211; Fleury-M\u00e9rogis (91700) &#8211; Forges-les-bains (91470) &#8211; Gif-sur-yvette (91190) &#8211; Grigny (91350) &#8211;\u00a0 Igny (91430) &#8211; Itteville (91760) &#8211; Janville-sur-Juine (91510) &#8211; Janvry (91640) &#8211; Juvisy-sur-Orge (91260) &#8211; La Fert\u00e9-Alais (91590) &#8211; La ville-du-Bois (91620) &#8211; Lardy (91510) &#8211; Le Plessis-Pat\u00e9 (91220) &#8211; Les Ulis (91940) &#8211; Leuville-sur-Orge (91310) &#8211; Linas (91310) &#8211; Lisses (91090) &#8211; Longjumeau (91160) &#8211; Longpont-sur-Orge (91310) &#8211; Maisse (91720) &#8211; Marcoussis (91460) &#8211; Marolles-en-Hurepoix (91630) &#8211; Massy (91300) &#8211; Mauchamps (91730) &#8211; Mennecy (91540) &#8211; Milly-la-For\u00eat (91490) &#8211; Montgeron (91230) &#8211; Montlh\u00e9ry (91310) &#8211; Morangis (91420) &#8211; Morigny-Champigny (91150) &#8211; Morsang-sur-orge (91390) &#8211; Morsang-sur-Seine (91250) &#8211; Nozay (91620) &#8211; Ollainville (91290) &#8211; Ormoy (91540) &#8211; Orsay (91400) &#8211; Palaiseau (91120) &#8211; Paray-Vieille-poste (91550) &#8211; Quincy-sous-S\u00e9nart (91480) &#8211; Ris-Orangis (91000) &#8211; Saclas (91690) &#8211; Saclay (91400) &#8211; Saint-Germain-l\u00e8s-Corbeil (91250) &#8211; Saint-Michel-sur-Orge (91240) &#8211; Saint-Vrain (91770) &#8211; Saint-Yon (91650) &#8211; Sainte-Genevi\u00e8ve-des-Bois (91700) &#8211; Saintry-sur-Seine (91250) &#8211; Saulx-les-Chartreux (91160) &#8211; Savigny-sur-Orge (91600) &#8211; Soisy-sur-Seine (91450) &#8211; Varennes-Jarcy (91480) &#8211; Verri\u00e8res-le-buisson (91370) &#8211; Vert-le-Grand (91810) &#8211; Vert-le-Petit (91710) &#8211; Vigneux-sur-Seine (91270) &#8211; Villab\u00e9 (91100) &#8211; Villebon-sur-Yvette (91940) &#8211; Villejust (91140) &#8211; Villemoisson-sur-Orge (91360) &#8211; Villiers-sur-Orge (91700) &#8211; Viry-Chatillon (91170) &#8211; Wissous (91320) &#8211; Yerres (91330)<\/span>[\/vc_column_text][\/vc_column][\/vc_row]<\/p>\n<\/div>","protected":false},"excerpt":{"rendered":"<p>[vc_row][vc_column][vc_column_text] D\u00e9gorgement, d\u00e9bouchage de canalisations [\/vc_column_text][\/vc_column][\/vc_row][vc_row][vc_column width=\u00a0\u00bb1\/4&Prime;][vc_widget_sidebar sidebar_id=\u00a0\u00bbsidebar_3&Prime;][\/vc_column][vc_column width=\u00a0\u00bb3\/4&Prime;][vc_column_text css=\u00a0\u00bb.vc_custom_1608718367250{border-left-width: 1px !important;padding-left: 20px !important;border-left-color: #185fa5 !important;border-left-style: solid !important;}\u00a0\u00bb]Dans les situations o\u00f9 la rapidit\u00e9 d\u2019intervention est un facteur d\u00e9terminant pour travailler avec une entreprise d\u2019assainissement de canalisations, SEA Environnement met en \u0153uvre les moyens et les \u00e9quipes qui lui permettent d\u2019intervenir dans les plus brefs d\u00e9lais.&hellip;<\/p>\n","protected":false},"author":1,"featured_media":0,"parent":35,"menu_order":0,"comment_status":"closed","ping_status":"closed","template":"","meta":{"footnotes":""},"class_list":["post-42","page","type-page","status-publish","hentry","description-off"],"yoast_head":"<!-- This site is optimized with the Yoast SEO plugin v27.4 - https:\/\/yoast.com\/product\/yoast-seo-wordpress\/ -->\n<title>D\u00e9gorgement, d\u00e9bouchage de canalisations - sea Environnement entretien et assainissement des r\u00e9seaux de canalisations<\/title>\n<meta name=\"description\" content=\"D\u00e9gorgement, d\u00e9bouchage de canalisations tous les types de canalisation. Pr\u00e9cautions: Inspection vid\u00e9o, fuite, obstruction, d\u00e9tartrage\u2026 12\/12 mois,7\/7jrs,24\/24h\" \/>\n<meta name=\"robots\" content=\"index, follow, max-snippet:-1, max-image-preview:large, max-video-preview:-1\" \/>\n<link rel=\"canonical\" href=\"https:\/\/sea-environnement.fr\/index.php\/prestations\/degorgement-debouchage-de-canalisations\/\" \/>\n<meta property=\"og:locale\" content=\"fr_FR\" \/>\n<meta property=\"og:type\" content=\"article\" \/>\n<meta property=\"og:title\" content=\"D\u00e9gorgement, d\u00e9bouchage de canalisations - sea Environnement entretien et assainissement des r\u00e9seaux de canalisations\" \/>\n<meta property=\"og:description\" content=\"D\u00e9gorgement, d\u00e9bouchage de canalisations tous les types de canalisation. Pr\u00e9cautions: Inspection vid\u00e9o, fuite, obstruction, d\u00e9tartrage\u2026 12\/12 mois,7\/7jrs,24\/24h\" \/>\n<meta property=\"og:url\" content=\"https:\/\/sea-environnement.fr\/index.php\/prestations\/degorgement-debouchage-de-canalisations\/\" \/>\n<meta property=\"og:site_name\" content=\"sea Environnement entretien et assainissement des r\u00e9seaux de canalisations\" \/>\n<meta property=\"article:modified_time\" content=\"2022-05-18T15:39:02+00:00\" \/>\n<meta property=\"og:image\" content=\"https:\/\/sea-environnement.fr\/\/wp-content\/uploads\/2020\/12\/18b-degorgement-debouchage-canalisation-essonne-91-sea-entretien-assainissement-canalisations.jpg\" \/>\n<meta name=\"twitter:card\" content=\"summary_large_image\" \/>\n<meta name=\"twitter:label1\" content=\"Dur\u00e9e de lecture estim\u00e9e\" \/>\n\t<meta name=\"twitter:data1\" content=\"4 minutes\" \/>\n<script type=\"application\/ld+json\" class=\"yoast-schema-graph\">{\"@context\":\"https:\\\/\\\/schema.org\",\"@graph\":[{\"@type\":\"WebPage\",\"@id\":\"https:\\\/\\\/sea-environnement.fr\\\/index.php\\\/prestations\\\/degorgement-debouchage-de-canalisations\\\/\",\"url\":\"https:\\\/\\\/sea-environnement.fr\\\/index.php\\\/prestations\\\/degorgement-debouchage-de-canalisations\\\/\",\"name\":\"D\u00e9gorgement, d\u00e9bouchage de canalisations - sea Environnement entretien et assainissement des r\u00e9seaux de canalisations\",\"isPartOf\":{\"@id\":\"https:\\\/\\\/sea-environnement.fr\\\/#website\"},\"primaryImageOfPage\":{\"@id\":\"https:\\\/\\\/sea-environnement.fr\\\/index.php\\\/prestations\\\/degorgement-debouchage-de-canalisations\\\/#primaryimage\"},\"image\":{\"@id\":\"https:\\\/\\\/sea-environnement.fr\\\/index.php\\\/prestations\\\/degorgement-debouchage-de-canalisations\\\/#primaryimage\"},\"thumbnailUrl\":\"https:\\\/\\\/sea-environnement.fr\\\/\\\/wp-content\\\/uploads\\\/2020\\\/12\\\/18b-degorgement-debouchage-canalisation-essonne-91-sea-entretien-assainissement-canalisations.jpg\",\"datePublished\":\"2020-12-16T18:05:14+00:00\",\"dateModified\":\"2022-05-18T15:39:02+00:00\",\"description\":\"D\u00e9gorgement, d\u00e9bouchage de canalisations tous les types de canalisation. Pr\u00e9cautions: Inspection vid\u00e9o, fuite, obstruction, d\u00e9tartrage\u2026 12\\\/12 mois,7\\\/7jrs,24\\\/24h\",\"breadcrumb\":{\"@id\":\"https:\\\/\\\/sea-environnement.fr\\\/index.php\\\/prestations\\\/degorgement-debouchage-de-canalisations\\\/#breadcrumb\"},\"inLanguage\":\"fr-FR\",\"potentialAction\":[{\"@type\":\"ReadAction\",\"target\":[\"https:\\\/\\\/sea-environnement.fr\\\/index.php\\\/prestations\\\/degorgement-debouchage-de-canalisations\\\/\"]}]},{\"@type\":\"ImageObject\",\"inLanguage\":\"fr-FR\",\"@id\":\"https:\\\/\\\/sea-environnement.fr\\\/index.php\\\/prestations\\\/degorgement-debouchage-de-canalisations\\\/#primaryimage\",\"url\":\"https:\\\/\\\/sea-environnement.fr\\\/wp-content\\\/uploads\\\/2020\\\/12\\\/18b-degorgement-debouchage-canalisation-essonne-91-sea-entretien-assainissement-canalisations.jpg\",\"contentUrl\":\"https:\\\/\\\/sea-environnement.fr\\\/wp-content\\\/uploads\\\/2020\\\/12\\\/18b-degorgement-debouchage-canalisation-essonne-91-sea-entretien-assainissement-canalisations.jpg\",\"width\":160,\"height\":160,\"caption\":\"18b degorgement debouchage canalisation essonne 91 sea entretien assainissement canalisations\"},{\"@type\":\"BreadcrumbList\",\"@id\":\"https:\\\/\\\/sea-environnement.fr\\\/index.php\\\/prestations\\\/degorgement-debouchage-de-canalisations\\\/#breadcrumb\",\"itemListElement\":[{\"@type\":\"ListItem\",\"position\":1,\"name\":\"Accueil\",\"item\":\"https:\\\/\\\/sea-environnement.fr\\\/\"},{\"@type\":\"ListItem\",\"position\":2,\"name\":\"Prestations\",\"item\":\"https:\\\/\\\/sea-environnement.fr\\\/index.php\\\/prestations\\\/\"},{\"@type\":\"ListItem\",\"position\":3,\"name\":\"D\u00e9gorgement, d\u00e9bouchage de canalisations\"}]},{\"@type\":\"WebSite\",\"@id\":\"https:\\\/\\\/sea-environnement.fr\\\/#website\",\"url\":\"https:\\\/\\\/sea-environnement.fr\\\/\",\"name\":\"sea Environnement entretien et assainissement des r\u00e9seaux de canalisations\",\"description\":\"sea Environnement entretien et assainissement des r\u00e9seaux de canalisations\",\"potentialAction\":[{\"@type\":\"SearchAction\",\"target\":{\"@type\":\"EntryPoint\",\"urlTemplate\":\"https:\\\/\\\/sea-environnement.fr\\\/?s={search_term_string}\"},\"query-input\":{\"@type\":\"PropertyValueSpecification\",\"valueRequired\":true,\"valueName\":\"search_term_string\"}}],\"inLanguage\":\"fr-FR\"}]}<\/script>\n<!-- \/ Yoast SEO plugin. -->","yoast_head_json":{"title":"D\u00e9gorgement, d\u00e9bouchage de canalisations - sea Environnement entretien et assainissement des r\u00e9seaux de canalisations","description":"D\u00e9gorgement, d\u00e9bouchage de canalisations tous les types de canalisation. Pr\u00e9cautions: Inspection vid\u00e9o, fuite, obstruction, d\u00e9tartrage\u2026 12\/12 mois,7\/7jrs,24\/24h","robots":{"index":"index","follow":"follow","max-snippet":"max-snippet:-1","max-image-preview":"max-image-preview:large","max-video-preview":"max-video-preview:-1"},"canonical":"https:\/\/sea-environnement.fr\/index.php\/prestations\/degorgement-debouchage-de-canalisations\/","og_locale":"fr_FR","og_type":"article","og_title":"D\u00e9gorgement, d\u00e9bouchage de canalisations - sea Environnement entretien et assainissement des r\u00e9seaux de canalisations","og_description":"D\u00e9gorgement, d\u00e9bouchage de canalisations tous les types de canalisation. Pr\u00e9cautions: Inspection vid\u00e9o, fuite, obstruction, d\u00e9tartrage\u2026 12\/12 mois,7\/7jrs,24\/24h","og_url":"https:\/\/sea-environnement.fr\/index.php\/prestations\/degorgement-debouchage-de-canalisations\/","og_site_name":"sea Environnement entretien et assainissement des r\u00e9seaux de canalisations","article_modified_time":"2022-05-18T15:39:02+00:00","og_image":[{"url":"https:\/\/sea-environnement.fr\/\/wp-content\/uploads\/2020\/12\/18b-degorgement-debouchage-canalisation-essonne-91-sea-entretien-assainissement-canalisations.jpg","type":"","width":"","height":""}],"twitter_card":"summary_large_image","twitter_misc":{"Dur\u00e9e de lecture estim\u00e9e":"4 minutes"},"schema":{"@context":"https:\/\/schema.org","@graph":[{"@type":"WebPage","@id":"https:\/\/sea-environnement.fr\/index.php\/prestations\/degorgement-debouchage-de-canalisations\/","url":"https:\/\/sea-environnement.fr\/index.php\/prestations\/degorgement-debouchage-de-canalisations\/","name":"D\u00e9gorgement, d\u00e9bouchage de canalisations - sea Environnement entretien et assainissement des r\u00e9seaux de canalisations","isPartOf":{"@id":"https:\/\/sea-environnement.fr\/#website"},"primaryImageOfPage":{"@id":"https:\/\/sea-environnement.fr\/index.php\/prestations\/degorgement-debouchage-de-canalisations\/#primaryimage"},"image":{"@id":"https:\/\/sea-environnement.fr\/index.php\/prestations\/degorgement-debouchage-de-canalisations\/#primaryimage"},"thumbnailUrl":"https:\/\/sea-environnement.fr\/\/wp-content\/uploads\/2020\/12\/18b-degorgement-debouchage-canalisation-essonne-91-sea-entretien-assainissement-canalisations.jpg","datePublished":"2020-12-16T18:05:14+00:00","dateModified":"2022-05-18T15:39:02+00:00","description":"D\u00e9gorgement, d\u00e9bouchage de canalisations tous les types de canalisation. Pr\u00e9cautions: Inspection vid\u00e9o, fuite, obstruction, d\u00e9tartrage\u2026 12\/12 mois,7\/7jrs,24\/24h","breadcrumb":{"@id":"https:\/\/sea-environnement.fr\/index.php\/prestations\/degorgement-debouchage-de-canalisations\/#breadcrumb"},"inLanguage":"fr-FR","potentialAction":[{"@type":"ReadAction","target":["https:\/\/sea-environnement.fr\/index.php\/prestations\/degorgement-debouchage-de-canalisations\/"]}]},{"@type":"ImageObject","inLanguage":"fr-FR","@id":"https:\/\/sea-environnement.fr\/index.php\/prestations\/degorgement-debouchage-de-canalisations\/#primaryimage","url":"https:\/\/sea-environnement.fr\/wp-content\/uploads\/2020\/12\/18b-degorgement-debouchage-canalisation-essonne-91-sea-entretien-assainissement-canalisations.jpg","contentUrl":"https:\/\/sea-environnement.fr\/wp-content\/uploads\/2020\/12\/18b-degorgement-debouchage-canalisation-essonne-91-sea-entretien-assainissement-canalisations.jpg","width":160,"height":160,"caption":"18b degorgement debouchage canalisation essonne 91 sea entretien assainissement canalisations"},{"@type":"BreadcrumbList","@id":"https:\/\/sea-environnement.fr\/index.php\/prestations\/degorgement-debouchage-de-canalisations\/#breadcrumb","itemListElement":[{"@type":"ListItem","position":1,"name":"Accueil","item":"https:\/\/sea-environnement.fr\/"},{"@type":"ListItem","position":2,"name":"Prestations","item":"https:\/\/sea-environnement.fr\/index.php\/prestations\/"},{"@type":"ListItem","position":3,"name":"D\u00e9gorgement, d\u00e9bouchage de canalisations"}]},{"@type":"WebSite","@id":"https:\/\/sea-environnement.fr\/#website","url":"https:\/\/sea-environnement.fr\/","name":"sea Environnement entretien et assainissement des r\u00e9seaux de canalisations","description":"sea Environnement entretien et assainissement des r\u00e9seaux de canalisations","potentialAction":[{"@type":"SearchAction","target":{"@type":"EntryPoint","urlTemplate":"https:\/\/sea-environnement.fr\/?s={search_term_string}"},"query-input":{"@type":"PropertyValueSpecification","valueRequired":true,"valueName":"search_term_string"}}],"inLanguage":"fr-FR"}]}},"_links":{"self":[{"href":"https:\/\/sea-environnement.fr\/index.php\/wp-json\/wp\/v2\/pages\/42","targetHints":{"allow":["GET"]}}],"collection":[{"href":"https:\/\/sea-environnement.fr\/index.php\/wp-json\/wp\/v2\/pages"}],"about":[{"href":"https:\/\/sea-environnement.fr\/index.php\/wp-json\/wp\/v2\/types\/page"}],"author":[{"embeddable":true,"href":"https:\/\/sea-environnement.fr\/index.php\/wp-json\/wp\/v2\/users\/1"}],"replies":[{"embeddable":true,"href":"https:\/\/sea-environnement.fr\/index.php\/wp-json\/wp\/v2\/comments?post=42"}],"version-history":[{"count":11,"href":"https:\/\/sea-environnement.fr\/index.php\/wp-json\/wp\/v2\/pages\/42\/revisions"}],"predecessor-version":[{"id":619,"href":"https:\/\/sea-environnement.fr\/index.php\/wp-json\/wp\/v2\/pages\/42\/revisions\/619"}],"up":[{"embeddable":true,"href":"https:\/\/sea-environnement.fr\/index.php\/wp-json\/wp\/v2\/pages\/35"}],"wp:attachment":[{"href":"https:\/\/sea-environnement.fr\/index.php\/wp-json\/wp\/v2\/media?parent=42"}],"curies":[{"name":"wp","href":"https:\/\/api.w.org\/{rel}","templated":true}]}}