{"id":44,"date":"2020-12-16T19:07:39","date_gmt":"2020-12-16T18:07:39","guid":{"rendered":"https:\/\/sea-environnement.fr\/\/?page_id=44"},"modified":"2022-05-18T17:39:50","modified_gmt":"2022-05-18T15:39:50","slug":"pompage-de-reseaux-de-canalisations-deau","status":"publish","type":"page","link":"https:\/\/sea-environnement.fr\/index.php\/prestations\/pompage-de-reseaux-de-canalisations-deau\/","title":{"rendered":"Pompage de r\u00e9seaux de canalisations d&rsquo;eau"},"content":{"rendered":"<div class=\"wpb-content-wrapper\"><p>[vc_row][vc_column][vc_column_text]<\/p>\n<h1>Pompage<\/h1>\n<p>[\/vc_column_text][\/vc_column][\/vc_row][vc_row][vc_column width=\u00a0\u00bb1\/4&Prime;][vc_widget_sidebar sidebar_id=\u00a0\u00bbsidebar_3&Prime;][\/vc_column][vc_column width=\u00a0\u00bb3\/4&Prime;][vc_column_text css=\u00a0\u00bb.vc_custom_1608719691453{border-left-width: 1px !important;padding-left: 20px !important;border-left-color: #1c79af !important;border-left-style: solid !important;}\u00a0\u00bb]<\/p>\n<p><img loading=\"lazy\" decoding=\"async\" class=\"wp-image-342 alignright\" src=\"https:\/\/sea-environnement.fr\/\/wp-content\/uploads\/2020\/12\/55-pompage-fosse-septique-canalisation-essonne-91-SEA-environnement.jpg\" alt=\"55-pompage-fosse-septique-canalisation-essonne-91-SEA-environnement\" width=\"223\" height=\"167\" srcset=\"https:\/\/sea-environnement.fr\/wp-content\/uploads\/2020\/12\/55-pompage-fosse-septique-canalisation-essonne-91-SEA-environnement.jpg 533w, https:\/\/sea-environnement.fr\/wp-content\/uploads\/2020\/12\/55-pompage-fosse-septique-canalisation-essonne-91-SEA-environnement-300x225.jpg 300w\" sizes=\"auto, (max-width: 223px) 100vw, 223px\" \/>En cas d\u2019obstruction au niveau de r\u00e9seaux intercommunaux \u00e0 d\u00e9bit important, SEA est \u00e0 m\u00eame d\u2019installer un by-pass ou complexe de pompage avec syst\u00e8me de refoulement.<\/p>\n<p>Exemple : Mise en place d\u2019une d\u00e9rivation des effluents \u00e0 hauteur de 1000 m3\/heure sur une longueur de 300 m\u00e8tres lin\u00e9aires \u00e0 Marolles en Brie Golf Blue Green, r\u00e9seau intercommunal \u00d8800mm.<\/p>\n<p>&nbsp;<\/p>\n<h5>SEA Environnement intervient 12\/12 mois, 7\/7 jours, 24\/24 heures<\/h5>\n<p>[\/vc_column_text][vc_row_inner][vc_column_inner width=\u00a0\u00bb1\/3&Prime;][\/vc_column_inner][vc_column_inner width=\u00a0\u00bb1\/3&Prime;][vc_btn title=\u00a0\u00bbNous contacter en cliquant ici\u00a0\u00bb color=\u00a0\u00bbprimary\u00a0\u00bb align=\u00a0\u00bbcenter\u00a0\u00bb i_type=\u00a0\u00bbtypicons\u00a0\u00bb i_icon_typicons=\u00a0\u00bbtypcn typcn-arrow-forward-outline\u00a0\u00bb add_icon=\u00a0\u00bbtrue\u00a0\u00bb link=\u00a0\u00bburl:https%3A%2F%2Fwww.eferbecomprod.fr%2Findex.php%2Fcontact%2F|title:Contact\u00a0\u00bb][\/vc_column_inner][vc_column_inner width=\u00a0\u00bb1\/3&Prime;][\/vc_column_inner][\/vc_row_inner][\/vc_column][\/vc_row][vc_row][vc_column][vc_column_text]<\/p>\n<h4>Les villes d&rsquo;Essonne 91 et alentours o\u00f9 nous nous intervenons rapidement<\/h4>\n<p>Arpajon (91290) &#8211; Athis-Mons (91200) &#8211; Avrainville (91630) &#8211; Ballainvilliers (91160) &#8211; Ballancourt-sur-Essonne (91610) &#8211; Baulne (91590) &#8211; Bi\u00e8vres (91570) &#8211; Bondoufle (91070) &#8211; Bouray-sur-Juine (91850) &#8211; Br\u00e9tigny-sur-orge (91220) &#8211; Breuillet (91650) &#8211; Bri\u00e8res-les-Scell\u00e9s (91150) &#8211; Briis-sous-Forges (91640) &#8211;\u00a0 Brunoy (91800) &#8211; Bruy\u00e8res-le-Chatel (91680) &#8211; Bures-sur-Yvette (91440) &#8211; Cerny (91590) &#8211; Chilly-Mazarin (91380) &#8211; Corbeil-Essonnes (91100) &#8211; Courances (91490) &#8211; Courcouronnes (91080) &#8211; Courdimanche-sur-Essonne (91720) &#8211; Crosne (91560) &#8211; Dourdan (91410) &#8211; Draveil (91210) &#8211; \u00c9pinay-sous-S\u00e9nart (91860) &#8211; \u00c9pinay-sur-orge (91360) &#8211; \u00c9tampes (91150) &#8211; \u00c9tiolles (91450) &#8211; \u00c9trechy (91580) &#8211; \u00c9vry (91090) &#8211; Fleury-M\u00e9rogis (91700) &#8211; Forges-les-bains (91470) &#8211; Gif-sur-yvette (91190) &#8211; Grigny (91350) &#8211;\u00a0 Igny (91430) &#8211; Itteville (91760) &#8211; Janville-sur-Juine (91510) &#8211; Janvry (91640) &#8211; Juvisy-sur-Orge (91260) &#8211; La Fert\u00e9-Alais (91590) &#8211; La ville-du-Bois (91620) &#8211; Lardy (91510) &#8211; Le Plessis-Pat\u00e9 (91220) &#8211; Les Ulis (91940) &#8211; Leuville-sur-Orge (91310) &#8211; Linas (91310) &#8211; Lisses (91090) &#8211; Longjumeau (91160) &#8211; Longpont-sur-Orge (91310) &#8211; Maisse (91720) &#8211; Marcoussis (91460) &#8211; Marolles-en-Hurepoix (91630) &#8211; Massy (91300) &#8211; Mauchamps (91730) &#8211; Mennecy (91540) &#8211; Milly-la-For\u00eat (91490) &#8211; Montgeron (91230) &#8211; Montlh\u00e9ry (91310) &#8211; Morangis (91420) &#8211; Morigny-Champigny (91150) &#8211; Morsang-sur-orge (91390) &#8211; Morsang-sur-Seine (91250) &#8211; Nozay (91620) &#8211; Ollainville (91290) &#8211; Ormoy (91540) &#8211; Orsay (91400) &#8211; Palaiseau (91120) &#8211; Paray-Vieille-poste (91550) &#8211; Quincy-sous-S\u00e9nart (91480) &#8211; Ris-Orangis (91000) &#8211; Saclas (91690) &#8211; Saclay (91400) &#8211; Saint-Germain-l\u00e8s-Corbeil (91250) &#8211; Saint-Michel-sur-Orge (91240) &#8211; Saint-Vrain (91770) &#8211; Saint-Yon (91650) &#8211; Sainte-Genevi\u00e8ve-des-Bois (91700) &#8211; Saintry-sur-Seine (91250) &#8211; Saulx-les-Chartreux (91160) &#8211; Savigny-sur-Orge (91600) &#8211; Soisy-sur-Seine (91450) &#8211; Varennes-Jarcy (91480) &#8211; Verri\u00e8res-le-buisson (91370) &#8211; Vert-le-Grand (91810) &#8211; Vert-le-Petit (91710) &#8211; Vigneux-sur-Seine (91270) &#8211; Villab\u00e9 (91100) &#8211; Villebon-sur-Yvette (91940) &#8211; Villejust (91140) &#8211; Villemoisson-sur-Orge (91360) &#8211; Villiers-sur-Orge (91700) &#8211; Viry-Chatillon (91170) &#8211; Wissous (91320) &#8211; Yerres (91330)[\/vc_column_text][\/vc_column][\/vc_row]<\/p>\n<\/div>","protected":false},"excerpt":{"rendered":"<p>[vc_row][vc_column][vc_column_text] Pompage [\/vc_column_text][\/vc_column][\/vc_row][vc_row][vc_column width=\u00a0\u00bb1\/4&Prime;][vc_widget_sidebar sidebar_id=\u00a0\u00bbsidebar_3&Prime;][\/vc_column][vc_column width=\u00a0\u00bb3\/4&Prime;][vc_column_text css=\u00a0\u00bb.vc_custom_1608719691453{border-left-width: 1px !important;padding-left: 20px !important;border-left-color: #1c79af !important;border-left-style: solid !important;}\u00a0\u00bb] En cas d\u2019obstruction au niveau de r\u00e9seaux intercommunaux \u00e0 d\u00e9bit important, SEA est \u00e0 m\u00eame d\u2019installer un by-pass ou complexe de pompage avec syst\u00e8me de refoulement. Exemple : Mise en place d\u2019une d\u00e9rivation des effluents \u00e0 hauteur de 1000 m3\/heure&hellip;<\/p>\n","protected":false},"author":1,"featured_media":0,"parent":35,"menu_order":0,"comment_status":"closed","ping_status":"closed","template":"","meta":{"footnotes":""},"class_list":["post-44","page","type-page","status-publish","hentry","description-off"],"yoast_head":"<!-- This site is optimized with the Yoast SEO plugin v27.5 - https:\/\/yoast.com\/product\/yoast-seo-wordpress\/ -->\n<title>Pompage de r\u00e9seaux de canalisations d&#039;eau - sea Environnement entretien et assainissement des r\u00e9seaux de canalisations<\/title>\n<meta name=\"description\" content=\"Exemple : Mise en place d\u2019une d\u00e9rivation des effluents \u00e0 hauteur de 1000 m3\/heure sur une longueur de 300 m\u00e8tres lin\u00e9aires\" \/>\n<meta name=\"robots\" content=\"index, follow, max-snippet:-1, max-image-preview:large, max-video-preview:-1\" \/>\n<link rel=\"canonical\" href=\"https:\/\/sea-environnement.fr\/index.php\/prestations\/pompage-de-reseaux-de-canalisations-deau\/\" \/>\n<meta property=\"og:locale\" content=\"fr_FR\" \/>\n<meta property=\"og:type\" content=\"article\" \/>\n<meta property=\"og:title\" content=\"Pompage de r\u00e9seaux de canalisations d&#039;eau - sea Environnement entretien et assainissement des r\u00e9seaux de canalisations\" \/>\n<meta property=\"og:description\" content=\"Exemple : Mise en place d\u2019une d\u00e9rivation des effluents \u00e0 hauteur de 1000 m3\/heure sur une longueur de 300 m\u00e8tres lin\u00e9aires\" \/>\n<meta property=\"og:url\" content=\"https:\/\/sea-environnement.fr\/index.php\/prestations\/pompage-de-reseaux-de-canalisations-deau\/\" \/>\n<meta property=\"og:site_name\" content=\"sea Environnement entretien et assainissement des r\u00e9seaux de canalisations\" \/>\n<meta property=\"article:modified_time\" content=\"2022-05-18T15:39:50+00:00\" \/>\n<meta property=\"og:image\" content=\"https:\/\/sea-environnement.fr\/\/wp-content\/uploads\/2020\/12\/55-pompage-fosse-septique-canalisation-essonne-91-SEA-environnement.jpg\" \/>\n<meta name=\"twitter:card\" content=\"summary_large_image\" \/>\n<meta name=\"twitter:label1\" content=\"Dur\u00e9e de lecture estim\u00e9e\" \/>\n\t<meta name=\"twitter:data1\" content=\"2 minutes\" \/>\n<script type=\"application\/ld+json\" class=\"yoast-schema-graph\">{\"@context\":\"https:\\\/\\\/schema.org\",\"@graph\":[{\"@type\":\"WebPage\",\"@id\":\"https:\\\/\\\/sea-environnement.fr\\\/index.php\\\/prestations\\\/pompage-de-reseaux-de-canalisations-deau\\\/\",\"url\":\"https:\\\/\\\/sea-environnement.fr\\\/index.php\\\/prestations\\\/pompage-de-reseaux-de-canalisations-deau\\\/\",\"name\":\"Pompage de r\u00e9seaux de canalisations d'eau - sea Environnement entretien et assainissement des r\u00e9seaux de canalisations\",\"isPartOf\":{\"@id\":\"https:\\\/\\\/sea-environnement.fr\\\/#website\"},\"primaryImageOfPage\":{\"@id\":\"https:\\\/\\\/sea-environnement.fr\\\/index.php\\\/prestations\\\/pompage-de-reseaux-de-canalisations-deau\\\/#primaryimage\"},\"image\":{\"@id\":\"https:\\\/\\\/sea-environnement.fr\\\/index.php\\\/prestations\\\/pompage-de-reseaux-de-canalisations-deau\\\/#primaryimage\"},\"thumbnailUrl\":\"https:\\\/\\\/sea-environnement.fr\\\/\\\/wp-content\\\/uploads\\\/2020\\\/12\\\/55-pompage-fosse-septique-canalisation-essonne-91-SEA-environnement.jpg\",\"datePublished\":\"2020-12-16T18:07:39+00:00\",\"dateModified\":\"2022-05-18T15:39:50+00:00\",\"description\":\"Exemple : Mise en place d\u2019une d\u00e9rivation des effluents \u00e0 hauteur de 1000 m3\\\/heure sur une longueur de 300 m\u00e8tres lin\u00e9aires\",\"breadcrumb\":{\"@id\":\"https:\\\/\\\/sea-environnement.fr\\\/index.php\\\/prestations\\\/pompage-de-reseaux-de-canalisations-deau\\\/#breadcrumb\"},\"inLanguage\":\"fr-FR\",\"potentialAction\":[{\"@type\":\"ReadAction\",\"target\":[\"https:\\\/\\\/sea-environnement.fr\\\/index.php\\\/prestations\\\/pompage-de-reseaux-de-canalisations-deau\\\/\"]}]},{\"@type\":\"ImageObject\",\"inLanguage\":\"fr-FR\",\"@id\":\"https:\\\/\\\/sea-environnement.fr\\\/index.php\\\/prestations\\\/pompage-de-reseaux-de-canalisations-deau\\\/#primaryimage\",\"url\":\"https:\\\/\\\/sea-environnement.fr\\\/wp-content\\\/uploads\\\/2020\\\/12\\\/55-pompage-fosse-septique-canalisation-essonne-91-SEA-environnement.jpg\",\"contentUrl\":\"https:\\\/\\\/sea-environnement.fr\\\/wp-content\\\/uploads\\\/2020\\\/12\\\/55-pompage-fosse-septique-canalisation-essonne-91-SEA-environnement.jpg\",\"width\":533,\"height\":400,\"caption\":\"55-pompage-fosse-septique-canalisation-essonne-91-SEA-environnement\"},{\"@type\":\"BreadcrumbList\",\"@id\":\"https:\\\/\\\/sea-environnement.fr\\\/index.php\\\/prestations\\\/pompage-de-reseaux-de-canalisations-deau\\\/#breadcrumb\",\"itemListElement\":[{\"@type\":\"ListItem\",\"position\":1,\"name\":\"Accueil\",\"item\":\"https:\\\/\\\/sea-environnement.fr\\\/\"},{\"@type\":\"ListItem\",\"position\":2,\"name\":\"Prestations\",\"item\":\"https:\\\/\\\/sea-environnement.fr\\\/index.php\\\/prestations\\\/\"},{\"@type\":\"ListItem\",\"position\":3,\"name\":\"Pompage de r\u00e9seaux de canalisations d&rsquo;eau\"}]},{\"@type\":\"WebSite\",\"@id\":\"https:\\\/\\\/sea-environnement.fr\\\/#website\",\"url\":\"https:\\\/\\\/sea-environnement.fr\\\/\",\"name\":\"sea Environnement entretien et assainissement des r\u00e9seaux de canalisations\",\"description\":\"sea Environnement entretien et assainissement des r\u00e9seaux de canalisations\",\"potentialAction\":[{\"@type\":\"SearchAction\",\"target\":{\"@type\":\"EntryPoint\",\"urlTemplate\":\"https:\\\/\\\/sea-environnement.fr\\\/?s={search_term_string}\"},\"query-input\":{\"@type\":\"PropertyValueSpecification\",\"valueRequired\":true,\"valueName\":\"search_term_string\"}}],\"inLanguage\":\"fr-FR\"}]}<\/script>\n<!-- \/ Yoast SEO plugin. -->","yoast_head_json":{"title":"Pompage de r\u00e9seaux de canalisations d'eau - sea Environnement entretien et assainissement des r\u00e9seaux de canalisations","description":"Exemple : Mise en place d\u2019une d\u00e9rivation des effluents \u00e0 hauteur de 1000 m3\/heure sur une longueur de 300 m\u00e8tres lin\u00e9aires","robots":{"index":"index","follow":"follow","max-snippet":"max-snippet:-1","max-image-preview":"max-image-preview:large","max-video-preview":"max-video-preview:-1"},"canonical":"https:\/\/sea-environnement.fr\/index.php\/prestations\/pompage-de-reseaux-de-canalisations-deau\/","og_locale":"fr_FR","og_type":"article","og_title":"Pompage de r\u00e9seaux de canalisations d'eau - sea Environnement entretien et assainissement des r\u00e9seaux de canalisations","og_description":"Exemple : Mise en place d\u2019une d\u00e9rivation des effluents \u00e0 hauteur de 1000 m3\/heure sur une longueur de 300 m\u00e8tres lin\u00e9aires","og_url":"https:\/\/sea-environnement.fr\/index.php\/prestations\/pompage-de-reseaux-de-canalisations-deau\/","og_site_name":"sea Environnement entretien et assainissement des r\u00e9seaux de canalisations","article_modified_time":"2022-05-18T15:39:50+00:00","og_image":[{"url":"https:\/\/sea-environnement.fr\/\/wp-content\/uploads\/2020\/12\/55-pompage-fosse-septique-canalisation-essonne-91-SEA-environnement.jpg","type":"","width":"","height":""}],"twitter_card":"summary_large_image","twitter_misc":{"Dur\u00e9e de lecture estim\u00e9e":"2 minutes"},"schema":{"@context":"https:\/\/schema.org","@graph":[{"@type":"WebPage","@id":"https:\/\/sea-environnement.fr\/index.php\/prestations\/pompage-de-reseaux-de-canalisations-deau\/","url":"https:\/\/sea-environnement.fr\/index.php\/prestations\/pompage-de-reseaux-de-canalisations-deau\/","name":"Pompage de r\u00e9seaux de canalisations d'eau - sea Environnement entretien et assainissement des r\u00e9seaux de canalisations","isPartOf":{"@id":"https:\/\/sea-environnement.fr\/#website"},"primaryImageOfPage":{"@id":"https:\/\/sea-environnement.fr\/index.php\/prestations\/pompage-de-reseaux-de-canalisations-deau\/#primaryimage"},"image":{"@id":"https:\/\/sea-environnement.fr\/index.php\/prestations\/pompage-de-reseaux-de-canalisations-deau\/#primaryimage"},"thumbnailUrl":"https:\/\/sea-environnement.fr\/\/wp-content\/uploads\/2020\/12\/55-pompage-fosse-septique-canalisation-essonne-91-SEA-environnement.jpg","datePublished":"2020-12-16T18:07:39+00:00","dateModified":"2022-05-18T15:39:50+00:00","description":"Exemple : Mise en place d\u2019une d\u00e9rivation des effluents \u00e0 hauteur de 1000 m3\/heure sur une longueur de 300 m\u00e8tres lin\u00e9aires","breadcrumb":{"@id":"https:\/\/sea-environnement.fr\/index.php\/prestations\/pompage-de-reseaux-de-canalisations-deau\/#breadcrumb"},"inLanguage":"fr-FR","potentialAction":[{"@type":"ReadAction","target":["https:\/\/sea-environnement.fr\/index.php\/prestations\/pompage-de-reseaux-de-canalisations-deau\/"]}]},{"@type":"ImageObject","inLanguage":"fr-FR","@id":"https:\/\/sea-environnement.fr\/index.php\/prestations\/pompage-de-reseaux-de-canalisations-deau\/#primaryimage","url":"https:\/\/sea-environnement.fr\/wp-content\/uploads\/2020\/12\/55-pompage-fosse-septique-canalisation-essonne-91-SEA-environnement.jpg","contentUrl":"https:\/\/sea-environnement.fr\/wp-content\/uploads\/2020\/12\/55-pompage-fosse-septique-canalisation-essonne-91-SEA-environnement.jpg","width":533,"height":400,"caption":"55-pompage-fosse-septique-canalisation-essonne-91-SEA-environnement"},{"@type":"BreadcrumbList","@id":"https:\/\/sea-environnement.fr\/index.php\/prestations\/pompage-de-reseaux-de-canalisations-deau\/#breadcrumb","itemListElement":[{"@type":"ListItem","position":1,"name":"Accueil","item":"https:\/\/sea-environnement.fr\/"},{"@type":"ListItem","position":2,"name":"Prestations","item":"https:\/\/sea-environnement.fr\/index.php\/prestations\/"},{"@type":"ListItem","position":3,"name":"Pompage de r\u00e9seaux de canalisations d&rsquo;eau"}]},{"@type":"WebSite","@id":"https:\/\/sea-environnement.fr\/#website","url":"https:\/\/sea-environnement.fr\/","name":"sea Environnement entretien et assainissement des r\u00e9seaux de canalisations","description":"sea Environnement entretien et assainissement des r\u00e9seaux de canalisations","potentialAction":[{"@type":"SearchAction","target":{"@type":"EntryPoint","urlTemplate":"https:\/\/sea-environnement.fr\/?s={search_term_string}"},"query-input":{"@type":"PropertyValueSpecification","valueRequired":true,"valueName":"search_term_string"}}],"inLanguage":"fr-FR"}]}},"_links":{"self":[{"href":"https:\/\/sea-environnement.fr\/index.php\/wp-json\/wp\/v2\/pages\/44","targetHints":{"allow":["GET"]}}],"collection":[{"href":"https:\/\/sea-environnement.fr\/index.php\/wp-json\/wp\/v2\/pages"}],"about":[{"href":"https:\/\/sea-environnement.fr\/index.php\/wp-json\/wp\/v2\/types\/page"}],"author":[{"embeddable":true,"href":"https:\/\/sea-environnement.fr\/index.php\/wp-json\/wp\/v2\/users\/1"}],"replies":[{"embeddable":true,"href":"https:\/\/sea-environnement.fr\/index.php\/wp-json\/wp\/v2\/comments?post=44"}],"version-history":[{"count":7,"href":"https:\/\/sea-environnement.fr\/index.php\/wp-json\/wp\/v2\/pages\/44\/revisions"}],"predecessor-version":[{"id":620,"href":"https:\/\/sea-environnement.fr\/index.php\/wp-json\/wp\/v2\/pages\/44\/revisions\/620"}],"up":[{"embeddable":true,"href":"https:\/\/sea-environnement.fr\/index.php\/wp-json\/wp\/v2\/pages\/35"}],"wp:attachment":[{"href":"https:\/\/sea-environnement.fr\/index.php\/wp-json\/wp\/v2\/media?parent=44"}],"curies":[{"name":"wp","href":"https:\/\/api.w.org\/{rel}","templated":true}]}}