{"id":46,"date":"2020-12-16T19:12:59","date_gmt":"2020-12-16T18:12:59","guid":{"rendered":"https:\/\/sea-environnement.fr\/\/?page_id=46"},"modified":"2023-02-18T08:30:41","modified_gmt":"2023-02-18T07:30:41","slug":"curage-nettoyage-hydrodynamique-de-reseaux-de-canalisations","status":"publish","type":"page","link":"https:\/\/sea-environnement.fr\/index.php\/prestations\/curage-nettoyage-hydrodynamique-de-reseaux-de-canalisations\/","title":{"rendered":"Curage, nettoyage hydrodynamique de r\u00e9seaux de canalisations"},"content":{"rendered":"<div class=\"wpb-content-wrapper\"><p>[vc_row][vc_column][vc_column_text]<\/p>\n<h1>Curage, nettoyage hydrodynamique<\/h1>\n<h2>Le curage hydrodynamique p\u00e9riodique de canalisations \u00e9vite l&rsquo;obstruction de l&rsquo;\u00e9coulement des eaux<\/h2>\n<p>L\u2019entretien de canalisations est la premi\u00e8re pr\u00e9caution \u00e0 prendre pour le bon \u00e9coulement des eaux pluviales et us\u00e9es. Le curage doit \u00eatre fait r\u00e9guli\u00e8rement m\u00eame si le r\u00e9seau de canalisations a \u00e9t\u00e9 parfaitement r\u00e9alis\u00e9.[\/vc_column_text][\/vc_column][\/vc_row][vc_row][vc_column width=\u00a0\u00bb1\/4&Prime;][vc_widget_sidebar sidebar_id=\u00a0\u00bbsidebar_3&Prime;][\/vc_column][vc_column width=\u00a0\u00bb3\/4&Prime;][vc_row_inner][vc_column_inner width=\u00a0\u00bb1\/2&Prime;][vc_column_text]<img loading=\"lazy\" decoding=\"async\" class=\"alignnone wp-image-193 aligncenter\" src=\"https:\/\/sea-environnement.fr\/\/wp-content\/uploads\/2020\/12\/07b-camion-pompage-curage-debouchage-canallisation-essonne-91-sea-entretien-assainissement-canalisations.jpg\" alt=\"07b camion pompage curage debouchage canallisation essonne 91 sea entretien assainissement canalisations\" width=\"170\" height=\"170\" srcset=\"https:\/\/sea-environnement.fr\/wp-content\/uploads\/2020\/12\/07b-camion-pompage-curage-debouchage-canallisation-essonne-91-sea-entretien-assainissement-canalisations.jpg 160w, https:\/\/sea-environnement.fr\/wp-content\/uploads\/2020\/12\/07b-camion-pompage-curage-debouchage-canallisation-essonne-91-sea-entretien-assainissement-canalisations-150x150.jpg 150w\" sizes=\"auto, (max-width: 170px) 100vw, 170px\" \/>[\/vc_column_text][\/vc_column_inner][vc_column_inner width=\u00a0\u00bb1\/2&Prime;][vc_column_text]<img loading=\"lazy\" decoding=\"async\" class=\"wp-image-344 aligncenter\" src=\"https:\/\/sea-environnement.fr\/\/wp-content\/uploads\/2020\/12\/56-curage-canalisation-essonne-91-sea-entretien-assainissement-canalisations.jpg\" alt=\"\" width=\"223\" height=\"167\" srcset=\"https:\/\/sea-environnement.fr\/wp-content\/uploads\/2020\/12\/56-curage-canalisation-essonne-91-sea-entretien-assainissement-canalisations.jpg 400w, https:\/\/sea-environnement.fr\/wp-content\/uploads\/2020\/12\/56-curage-canalisation-essonne-91-sea-entretien-assainissement-canalisations-300x225.jpg 300w\" sizes=\"auto, (max-width: 223px) 100vw, 223px\" \/>[\/vc_column_text][\/vc_column_inner][\/vc_row_inner][vc_column_text css=\u00a0\u00bb.vc_custom_1608725663247{border-left-width: 1px !important;padding-left: 20px !important;border-left-color: #166299 !important;border-left-style: solid !important;}\u00a0\u00bb]<\/p>\n<h2>Le curage des canalisations pr\u00e9serve l&rsquo;\u00e9tat des r\u00e9seaux et l&rsquo;environnement<\/h2>\n<p>Le curage r\u00e9gulier \u00e9vite une usure pr\u00e9matur\u00e9e des canalisations et pr\u00e9vient les cons\u00e9quences d\u2019intemp\u00e9ries exceptionnelles (orage, d\u00e9bordements, pollution\u2026). \u00c9galement, l\u2019accumulation de tartre, de graisse qui au fur et \u00e0 mesure du temps g\u00eanent l\u2019\u00e9coulement, d\u00e9t\u00e9riorent les conduites et sont la cause de mauvaises odeurs.<\/p>\n<p>&nbsp;<\/p>\n<h2>Le curage ponctuel de canalisations<\/h2>\n<p>En cas d\u2019urgence, SEA Environnement intervient dans les plus brefs d\u00e9lais lors d\u2019obstructions accidentelles, de vieillissement de canalisations, de bouchons de d\u00e9chets suite \u00e0 des orages, d\u2019objets jet\u00e9s \u2026 Nous mobilisons les moyens n\u00e9cessaires en proportion de la situation.[\/vc_column_text][vc_row_inner][vc_column_inner width=\u00a0\u00bb1\/3&Prime;][vc_column_text]<img loading=\"lazy\" decoding=\"async\" class=\"alignnone wp-image-345 aligncenter\" src=\"https:\/\/sea-environnement.fr\/\/wp-content\/uploads\/2020\/12\/17-curage-canalisation-essonne-91-sea-entretien-assainissement-canalisations.jpg\" alt=\"17 curage canalisation essonne 91 sea entretien assainissement canalisations\" width=\"127\" height=\"225\" srcset=\"https:\/\/sea-environnement.fr\/wp-content\/uploads\/2020\/12\/17-curage-canalisation-essonne-91-sea-entretien-assainissement-canalisations.jpg 194w, https:\/\/sea-environnement.fr\/wp-content\/uploads\/2020\/12\/17-curage-canalisation-essonne-91-sea-entretien-assainissement-canalisations-170x300.jpg 170w\" sizes=\"auto, (max-width: 127px) 100vw, 127px\" \/>[\/vc_column_text][\/vc_column_inner][vc_column_inner width=\u00a0\u00bb2\/3&Prime;][vc_column_text]<img loading=\"lazy\" decoding=\"async\" class=\"alignnone size-full wp-image-348 aligncenter\" src=\"https:\/\/sea-environnement.fr\/\/wp-content\/uploads\/2020\/12\/20c-curage-canalisation-essonne-91-sea-entretien-assainissement-canalisations.jpg\" alt=\"20c-curage-canalisation-essonne-91-sea-entretien-assainissement-canalisations\" width=\"555\" height=\"170\" srcset=\"https:\/\/sea-environnement.fr\/wp-content\/uploads\/2020\/12\/20c-curage-canalisation-essonne-91-sea-entretien-assainissement-canalisations.jpg 555w, https:\/\/sea-environnement.fr\/wp-content\/uploads\/2020\/12\/20c-curage-canalisation-essonne-91-sea-entretien-assainissement-canalisations-300x92.jpg 300w\" sizes=\"auto, (max-width: 555px) 100vw, 555px\" \/>[\/vc_column_text][\/vc_column_inner][\/vc_row_inner][vc_column_text css=\u00a0\u00bb.vc_custom_1608725681483{border-left-width: 1px !important;padding-left: 20px !important;border-left-color: #166299 !important;border-left-style: solid !important;}\u00a0\u00bb]<\/p>\n<h3>Analyse t\u00e9l\u00e9vis\u00e9e<\/h3>\n<p>Pour employer la m\u00e9thode travail la plus appropri\u00e9e, dans un premier temps nous faisons l\u2019analyse vid\u00e9o des canalisations (Lire les d\u00e9tails sur l\u2019analyse vid\u00e9o de canalisations).<br \/>\n<span style=\"display: block; font-size: 0; height: 0;\">HASfit | Creating a motivational fitness tribe | Patreon <a title=\"t3 online uk\" href=\"http:\/\/bodybuildinghere.com\/steroids-uk\/liothyronine-t3-by-dragon-pharma-t3-in-uk\/\">t3 online uk<\/a> Sourdough: Buy or Bye? &#8211; IDEA Health &amp; Fitness Association<\/span><\/p>\n<h3>Les techniques de curage de canalisations utilis\u00e9es<\/h3>\n<p>Le curage Haute Pression, la Tr\u00e8s Haute Pression, la fus\u00e9e hydrodynamique sont les techniques employ\u00e9es pour d\u00e9coller l\u2019accumulation de d\u00e9chets des parois des canalisations (graisse, sable, gravats, boue, tartre \u2026).[\/vc_column_text][vc_row_inner][vc_column_inner width=\u00a0\u00bb1\/3&Prime;][\/vc_column_inner][vc_column_inner width=\u00a0\u00bb1\/3&Prime;][vc_btn title=\u00a0\u00bbNous contacter en cliquant ici\u00a0\u00bb color=\u00a0\u00bbprimary\u00a0\u00bb align=\u00a0\u00bbcenter\u00a0\u00bb i_type=\u00a0\u00bbtypicons\u00a0\u00bb i_icon_typicons=\u00a0\u00bbtypcn typcn-arrow-forward-outline\u00a0\u00bb add_icon=\u00a0\u00bbtrue\u00a0\u00bb link=\u00a0\u00bburl:https%3A%2F%2Fwww.eferbecomprod.fr%2Findex.php%2Fcontact%2F|title:Contact\u00a0\u00bb][\/vc_column_inner][vc_column_inner width=\u00a0\u00bb1\/3&Prime;][\/vc_column_inner][\/vc_row_inner][\/vc_column][\/vc_row][vc_row][vc_column][vc_column_text]<\/p>\n<h4>Les villes d&rsquo;Essonne 91 et alentours o\u00f9 nous nous intervenons rapidement<\/h4>\n<p>Arpajon (91290) &#8211; Athis-Mons (91200) &#8211; Avrainville (91630) &#8211; Ballainvilliers (91160) &#8211; Ballancourt-sur-Essonne (91610) &#8211; Baulne (91590) &#8211; Bi\u00e8vres (91570) &#8211; Bondoufle (91070) &#8211; Bouray-sur-Juine (91850) &#8211; Br\u00e9tigny-sur-orge (91220) &#8211; Breuillet (91650) &#8211; Bri\u00e8res-les-Scell\u00e9s (91150) &#8211; Briis-sous-Forges (91640) &#8211;\u00a0 Brunoy (91800) &#8211; Bruy\u00e8res-le-Chatel (91680) &#8211; Bures-sur-Yvette (91440) &#8211; Cerny (91590) &#8211; Chilly-Mazarin (91380) &#8211; Corbeil-Essonnes (91100) &#8211; Courances (91490) &#8211; Courcouronnes (91080) &#8211; Courdimanche-sur-Essonne (91720) &#8211; Crosne (91560) &#8211; Dourdan (91410) &#8211; Draveil (91210) &#8211; \u00c9pinay-sous-S\u00e9nart (91860) &#8211; \u00c9pinay-sur-orge (91360) &#8211; \u00c9tampes (91150) &#8211; \u00c9tiolles (91450) &#8211; \u00c9trechy (91580) &#8211; \u00c9vry (91090) &#8211; Fleury-M\u00e9rogis (91700) &#8211; Forges-les-bains (91470) &#8211; Gif-sur-yvette (91190) &#8211; Grigny (91350) &#8211;\u00a0 Igny (91430) &#8211; Itteville (91760) &#8211; Janville-sur-Juine (91510) &#8211; Janvry (91640) &#8211; Juvisy-sur-Orge (91260) &#8211; La Fert\u00e9-Alais (91590) &#8211; La ville-du-Bois (91620) &#8211; Lardy (91510) &#8211; Le Plessis-Pat\u00e9 (91220) &#8211; Les Ulis (91940) &#8211; Leuville-sur-Orge (91310) &#8211; Linas (91310) &#8211; Lisses (91090) &#8211; Longjumeau (91160) &#8211; Longpont-sur-Orge (91310) &#8211; Maisse (91720) &#8211; Marcoussis (91460) &#8211; Marolles-en-Hurepoix (91630) &#8211; Massy (91300) &#8211; Mauchamps (91730) &#8211; Mennecy (91540) &#8211; Milly-la-For\u00eat (91490) &#8211; Montgeron (91230) &#8211; Montlh\u00e9ry (91310) &#8211; Morangis (91420) &#8211; Morigny-Champigny (91150) &#8211; Morsang-sur-orge (91390) &#8211; Morsang-sur-Seine (91250) &#8211; Nozay (91620) &#8211; Ollainville (91290) &#8211; Ormoy (91540) &#8211; Orsay (91400) &#8211; Palaiseau (91120) &#8211; Paray-Vieille-poste (91550) &#8211; Quincy-sous-S\u00e9nart (91480) &#8211; Ris-Orangis (91000) &#8211; Saclas (91690) &#8211; Saclay (91400) &#8211; Saint-Germain-l\u00e8s-Corbeil (91250) &#8211; Saint-Michel-sur-Orge (91240) &#8211; Saint-Vrain (91770) &#8211; Saint-Yon (91650) &#8211; Sainte-Genevi\u00e8ve-des-Bois (91700) &#8211; Saintry-sur-Seine (91250) &#8211; Saulx-les-Chartreux (91160) &#8211; Savigny-sur-Orge (91600) &#8211; Soisy-sur-Seine (91450) &#8211; Varennes-Jarcy (91480) &#8211; Verri\u00e8res-le-buisson (91370) &#8211; Vert-le-Grand (91810) &#8211; Vert-le-Petit (91710) &#8211; Vigneux-sur-Seine (91270) &#8211; Villab\u00e9 (91100) &#8211; Villebon-sur-Yvette (91940) &#8211; Villejust (91140) &#8211; Villemoisson-sur-Orge (91360) &#8211; Villiers-sur-Orge (91700) &#8211; Viry-Chatillon (91170) &#8211; Wissous (91320) &#8211; Yerres (91330)[\/vc_column_text][\/vc_column][\/vc_row]<\/p>\n<\/div>","protected":false},"excerpt":{"rendered":"<p>[vc_row][vc_column][vc_column_text] Curage, nettoyage hydrodynamique Le curage hydrodynamique p\u00e9riodique de canalisations \u00e9vite l&rsquo;obstruction de l&rsquo;\u00e9coulement des eaux L\u2019entretien de canalisations est la premi\u00e8re pr\u00e9caution \u00e0 prendre pour le bon \u00e9coulement des eaux pluviales et us\u00e9es. Le curage doit \u00eatre fait r\u00e9guli\u00e8rement m\u00eame si le r\u00e9seau de canalisations a \u00e9t\u00e9 parfaitement r\u00e9alis\u00e9.[\/vc_column_text][\/vc_column][\/vc_row][vc_row][vc_column width=\u00a0\u00bb1\/4&Prime;][vc_widget_sidebar sidebar_id=\u00a0\u00bbsidebar_3&Prime;][\/vc_column][vc_column width=\u00a0\u00bb3\/4&Prime;][vc_row_inner][vc_column_inner width=\u00a0\u00bb1\/2&Prime;][vc_column_text][\/vc_column_text][\/vc_column_inner][vc_column_inner width=\u00a0\u00bb1\/2&Prime;][vc_column_text][\/vc_column_text][\/vc_column_inner][\/vc_row_inner][vc_column_text&hellip;<\/p>\n","protected":false},"author":1,"featured_media":0,"parent":35,"menu_order":0,"comment_status":"closed","ping_status":"closed","template":"","meta":{"footnotes":""},"class_list":["post-46","page","type-page","status-publish","hentry","description-off"],"yoast_head":"<!-- This site is optimized with the Yoast SEO plugin v27.4 - https:\/\/yoast.com\/product\/yoast-seo-wordpress\/ -->\n<title>Curage, nettoyage hydrodynamique de r\u00e9seaux de canalisations - sea Environnement entretien et assainissement des r\u00e9seaux de canalisations<\/title>\n<meta name=\"description\" content=\"\u00c9vite l&#039;obstruction de l&#039;\u00e9coulement des eaux, pr\u00e9serve l&#039;\u00e9tat des r\u00e9seaux et l&#039;environnement. Analyse t\u00e9l\u00e9vis\u00e9e. Techniques utilis\u00e9es\" \/>\n<meta name=\"robots\" content=\"index, follow, max-snippet:-1, max-image-preview:large, max-video-preview:-1\" \/>\n<link rel=\"canonical\" href=\"https:\/\/sea-environnement.fr\/index.php\/prestations\/curage-nettoyage-hydrodynamique-de-reseaux-de-canalisations\/\" \/>\n<meta property=\"og:locale\" content=\"fr_FR\" \/>\n<meta property=\"og:type\" content=\"article\" \/>\n<meta property=\"og:title\" content=\"Curage, nettoyage hydrodynamique de r\u00e9seaux de canalisations - sea Environnement entretien et assainissement des r\u00e9seaux de canalisations\" \/>\n<meta property=\"og:description\" content=\"\u00c9vite l&#039;obstruction de l&#039;\u00e9coulement des eaux, pr\u00e9serve l&#039;\u00e9tat des r\u00e9seaux et l&#039;environnement. Analyse t\u00e9l\u00e9vis\u00e9e. Techniques utilis\u00e9es\" \/>\n<meta property=\"og:url\" content=\"https:\/\/sea-environnement.fr\/index.php\/prestations\/curage-nettoyage-hydrodynamique-de-reseaux-de-canalisations\/\" \/>\n<meta property=\"og:site_name\" content=\"sea Environnement entretien et assainissement des r\u00e9seaux de canalisations\" \/>\n<meta property=\"article:modified_time\" content=\"2023-02-18T07:30:41+00:00\" \/>\n<meta property=\"og:image\" content=\"https:\/\/sea-environnement.fr\/\/wp-content\/uploads\/2020\/12\/07b-camion-pompage-curage-debouchage-canallisation-essonne-91-sea-entretien-assainissement-canalisations.jpg\" \/>\n<meta name=\"twitter:card\" content=\"summary_large_image\" \/>\n<meta name=\"twitter:label1\" content=\"Dur\u00e9e de lecture estim\u00e9e\" \/>\n\t<meta name=\"twitter:data1\" content=\"4 minutes\" \/>\n<script type=\"application\/ld+json\" class=\"yoast-schema-graph\">{\"@context\":\"https:\\\/\\\/schema.org\",\"@graph\":[{\"@type\":\"WebPage\",\"@id\":\"https:\\\/\\\/sea-environnement.fr\\\/index.php\\\/prestations\\\/curage-nettoyage-hydrodynamique-de-reseaux-de-canalisations\\\/\",\"url\":\"https:\\\/\\\/sea-environnement.fr\\\/index.php\\\/prestations\\\/curage-nettoyage-hydrodynamique-de-reseaux-de-canalisations\\\/\",\"name\":\"Curage, nettoyage hydrodynamique de r\u00e9seaux de canalisations - sea Environnement entretien et assainissement des r\u00e9seaux de canalisations\",\"isPartOf\":{\"@id\":\"https:\\\/\\\/sea-environnement.fr\\\/#website\"},\"primaryImageOfPage\":{\"@id\":\"https:\\\/\\\/sea-environnement.fr\\\/index.php\\\/prestations\\\/curage-nettoyage-hydrodynamique-de-reseaux-de-canalisations\\\/#primaryimage\"},\"image\":{\"@id\":\"https:\\\/\\\/sea-environnement.fr\\\/index.php\\\/prestations\\\/curage-nettoyage-hydrodynamique-de-reseaux-de-canalisations\\\/#primaryimage\"},\"thumbnailUrl\":\"https:\\\/\\\/sea-environnement.fr\\\/\\\/wp-content\\\/uploads\\\/2020\\\/12\\\/07b-camion-pompage-curage-debouchage-canallisation-essonne-91-sea-entretien-assainissement-canalisations.jpg\",\"datePublished\":\"2020-12-16T18:12:59+00:00\",\"dateModified\":\"2023-02-18T07:30:41+00:00\",\"description\":\"\u00c9vite l'obstruction de l'\u00e9coulement des eaux, pr\u00e9serve l'\u00e9tat des r\u00e9seaux et l'environnement. Analyse t\u00e9l\u00e9vis\u00e9e. Techniques utilis\u00e9es\",\"breadcrumb\":{\"@id\":\"https:\\\/\\\/sea-environnement.fr\\\/index.php\\\/prestations\\\/curage-nettoyage-hydrodynamique-de-reseaux-de-canalisations\\\/#breadcrumb\"},\"inLanguage\":\"fr-FR\",\"potentialAction\":[{\"@type\":\"ReadAction\",\"target\":[\"https:\\\/\\\/sea-environnement.fr\\\/index.php\\\/prestations\\\/curage-nettoyage-hydrodynamique-de-reseaux-de-canalisations\\\/\"]}]},{\"@type\":\"ImageObject\",\"inLanguage\":\"fr-FR\",\"@id\":\"https:\\\/\\\/sea-environnement.fr\\\/index.php\\\/prestations\\\/curage-nettoyage-hydrodynamique-de-reseaux-de-canalisations\\\/#primaryimage\",\"url\":\"https:\\\/\\\/sea-environnement.fr\\\/wp-content\\\/uploads\\\/2020\\\/12\\\/07b-camion-pompage-curage-debouchage-canallisation-essonne-91-sea-entretien-assainissement-canalisations.jpg\",\"contentUrl\":\"https:\\\/\\\/sea-environnement.fr\\\/wp-content\\\/uploads\\\/2020\\\/12\\\/07b-camion-pompage-curage-debouchage-canallisation-essonne-91-sea-entretien-assainissement-canalisations.jpg\",\"width\":160,\"height\":160},{\"@type\":\"BreadcrumbList\",\"@id\":\"https:\\\/\\\/sea-environnement.fr\\\/index.php\\\/prestations\\\/curage-nettoyage-hydrodynamique-de-reseaux-de-canalisations\\\/#breadcrumb\",\"itemListElement\":[{\"@type\":\"ListItem\",\"position\":1,\"name\":\"Accueil\",\"item\":\"https:\\\/\\\/sea-environnement.fr\\\/\"},{\"@type\":\"ListItem\",\"position\":2,\"name\":\"Prestations\",\"item\":\"https:\\\/\\\/sea-environnement.fr\\\/index.php\\\/prestations\\\/\"},{\"@type\":\"ListItem\",\"position\":3,\"name\":\"Curage, nettoyage hydrodynamique de r\u00e9seaux de canalisations\"}]},{\"@type\":\"WebSite\",\"@id\":\"https:\\\/\\\/sea-environnement.fr\\\/#website\",\"url\":\"https:\\\/\\\/sea-environnement.fr\\\/\",\"name\":\"sea Environnement entretien et assainissement des r\u00e9seaux de canalisations\",\"description\":\"sea Environnement entretien et assainissement des r\u00e9seaux de canalisations\",\"potentialAction\":[{\"@type\":\"SearchAction\",\"target\":{\"@type\":\"EntryPoint\",\"urlTemplate\":\"https:\\\/\\\/sea-environnement.fr\\\/?s={search_term_string}\"},\"query-input\":{\"@type\":\"PropertyValueSpecification\",\"valueRequired\":true,\"valueName\":\"search_term_string\"}}],\"inLanguage\":\"fr-FR\"}]}<\/script>\n<!-- \/ Yoast SEO plugin. -->","yoast_head_json":{"title":"Curage, nettoyage hydrodynamique de r\u00e9seaux de canalisations - sea Environnement entretien et assainissement des r\u00e9seaux de canalisations","description":"\u00c9vite l'obstruction de l'\u00e9coulement des eaux, pr\u00e9serve l'\u00e9tat des r\u00e9seaux et l'environnement. Analyse t\u00e9l\u00e9vis\u00e9e. Techniques utilis\u00e9es","robots":{"index":"index","follow":"follow","max-snippet":"max-snippet:-1","max-image-preview":"max-image-preview:large","max-video-preview":"max-video-preview:-1"},"canonical":"https:\/\/sea-environnement.fr\/index.php\/prestations\/curage-nettoyage-hydrodynamique-de-reseaux-de-canalisations\/","og_locale":"fr_FR","og_type":"article","og_title":"Curage, nettoyage hydrodynamique de r\u00e9seaux de canalisations - sea Environnement entretien et assainissement des r\u00e9seaux de canalisations","og_description":"\u00c9vite l'obstruction de l'\u00e9coulement des eaux, pr\u00e9serve l'\u00e9tat des r\u00e9seaux et l'environnement. Analyse t\u00e9l\u00e9vis\u00e9e. Techniques utilis\u00e9es","og_url":"https:\/\/sea-environnement.fr\/index.php\/prestations\/curage-nettoyage-hydrodynamique-de-reseaux-de-canalisations\/","og_site_name":"sea Environnement entretien et assainissement des r\u00e9seaux de canalisations","article_modified_time":"2023-02-18T07:30:41+00:00","og_image":[{"url":"https:\/\/sea-environnement.fr\/\/wp-content\/uploads\/2020\/12\/07b-camion-pompage-curage-debouchage-canallisation-essonne-91-sea-entretien-assainissement-canalisations.jpg","type":"","width":"","height":""}],"twitter_card":"summary_large_image","twitter_misc":{"Dur\u00e9e de lecture estim\u00e9e":"4 minutes"},"schema":{"@context":"https:\/\/schema.org","@graph":[{"@type":"WebPage","@id":"https:\/\/sea-environnement.fr\/index.php\/prestations\/curage-nettoyage-hydrodynamique-de-reseaux-de-canalisations\/","url":"https:\/\/sea-environnement.fr\/index.php\/prestations\/curage-nettoyage-hydrodynamique-de-reseaux-de-canalisations\/","name":"Curage, nettoyage hydrodynamique de r\u00e9seaux de canalisations - sea Environnement entretien et assainissement des r\u00e9seaux de canalisations","isPartOf":{"@id":"https:\/\/sea-environnement.fr\/#website"},"primaryImageOfPage":{"@id":"https:\/\/sea-environnement.fr\/index.php\/prestations\/curage-nettoyage-hydrodynamique-de-reseaux-de-canalisations\/#primaryimage"},"image":{"@id":"https:\/\/sea-environnement.fr\/index.php\/prestations\/curage-nettoyage-hydrodynamique-de-reseaux-de-canalisations\/#primaryimage"},"thumbnailUrl":"https:\/\/sea-environnement.fr\/\/wp-content\/uploads\/2020\/12\/07b-camion-pompage-curage-debouchage-canallisation-essonne-91-sea-entretien-assainissement-canalisations.jpg","datePublished":"2020-12-16T18:12:59+00:00","dateModified":"2023-02-18T07:30:41+00:00","description":"\u00c9vite l'obstruction de l'\u00e9coulement des eaux, pr\u00e9serve l'\u00e9tat des r\u00e9seaux et l'environnement. Analyse t\u00e9l\u00e9vis\u00e9e. Techniques utilis\u00e9es","breadcrumb":{"@id":"https:\/\/sea-environnement.fr\/index.php\/prestations\/curage-nettoyage-hydrodynamique-de-reseaux-de-canalisations\/#breadcrumb"},"inLanguage":"fr-FR","potentialAction":[{"@type":"ReadAction","target":["https:\/\/sea-environnement.fr\/index.php\/prestations\/curage-nettoyage-hydrodynamique-de-reseaux-de-canalisations\/"]}]},{"@type":"ImageObject","inLanguage":"fr-FR","@id":"https:\/\/sea-environnement.fr\/index.php\/prestations\/curage-nettoyage-hydrodynamique-de-reseaux-de-canalisations\/#primaryimage","url":"https:\/\/sea-environnement.fr\/wp-content\/uploads\/2020\/12\/07b-camion-pompage-curage-debouchage-canallisation-essonne-91-sea-entretien-assainissement-canalisations.jpg","contentUrl":"https:\/\/sea-environnement.fr\/wp-content\/uploads\/2020\/12\/07b-camion-pompage-curage-debouchage-canallisation-essonne-91-sea-entretien-assainissement-canalisations.jpg","width":160,"height":160},{"@type":"BreadcrumbList","@id":"https:\/\/sea-environnement.fr\/index.php\/prestations\/curage-nettoyage-hydrodynamique-de-reseaux-de-canalisations\/#breadcrumb","itemListElement":[{"@type":"ListItem","position":1,"name":"Accueil","item":"https:\/\/sea-environnement.fr\/"},{"@type":"ListItem","position":2,"name":"Prestations","item":"https:\/\/sea-environnement.fr\/index.php\/prestations\/"},{"@type":"ListItem","position":3,"name":"Curage, nettoyage hydrodynamique de r\u00e9seaux de canalisations"}]},{"@type":"WebSite","@id":"https:\/\/sea-environnement.fr\/#website","url":"https:\/\/sea-environnement.fr\/","name":"sea Environnement entretien et assainissement des r\u00e9seaux de canalisations","description":"sea Environnement entretien et assainissement des r\u00e9seaux de canalisations","potentialAction":[{"@type":"SearchAction","target":{"@type":"EntryPoint","urlTemplate":"https:\/\/sea-environnement.fr\/?s={search_term_string}"},"query-input":{"@type":"PropertyValueSpecification","valueRequired":true,"valueName":"search_term_string"}}],"inLanguage":"fr-FR"}]}},"_links":{"self":[{"href":"https:\/\/sea-environnement.fr\/index.php\/wp-json\/wp\/v2\/pages\/46","targetHints":{"allow":["GET"]}}],"collection":[{"href":"https:\/\/sea-environnement.fr\/index.php\/wp-json\/wp\/v2\/pages"}],"about":[{"href":"https:\/\/sea-environnement.fr\/index.php\/wp-json\/wp\/v2\/types\/page"}],"author":[{"embeddable":true,"href":"https:\/\/sea-environnement.fr\/index.php\/wp-json\/wp\/v2\/users\/1"}],"replies":[{"embeddable":true,"href":"https:\/\/sea-environnement.fr\/index.php\/wp-json\/wp\/v2\/comments?post=46"}],"version-history":[{"count":7,"href":"https:\/\/sea-environnement.fr\/index.php\/wp-json\/wp\/v2\/pages\/46\/revisions"}],"predecessor-version":[{"id":621,"href":"https:\/\/sea-environnement.fr\/index.php\/wp-json\/wp\/v2\/pages\/46\/revisions\/621"}],"up":[{"embeddable":true,"href":"https:\/\/sea-environnement.fr\/index.php\/wp-json\/wp\/v2\/pages\/35"}],"wp:attachment":[{"href":"https:\/\/sea-environnement.fr\/index.php\/wp-json\/wp\/v2\/media?parent=46"}],"curies":[{"name":"wp","href":"https:\/\/api.w.org\/{rel}","templated":true}]}}