{"id":54,"date":"2020-12-16T19:24:45","date_gmt":"2020-12-16T18:24:45","guid":{"rendered":"https:\/\/sea-environnement.fr\/\/?page_id=54"},"modified":"2020-12-23T15:43:32","modified_gmt":"2020-12-23T14:43:32","slug":"controle-detancheite-et-de-compacite-compactage","status":"publish","type":"page","link":"https:\/\/sea-environnement.fr\/index.php\/prestations\/controle-detancheite-et-de-compacite-compactage\/","title":{"rendered":"Contr\u00f4le d&rsquo;\u00e9tanch\u00e9it\u00e9 et de compacit\u00e9 (compactage)"},"content":{"rendered":"<div class=\"wpb-content-wrapper\"><p>[vc_row][vc_column][vc_column_text]<\/p>\n<h1>Contr\u00f4le d&rsquo;\u00e9tanch\u00e9it\u00e9 et de compacit\u00e9 (compactage)<\/h1>\n<p>[\/vc_column_text][\/vc_column][\/vc_row][vc_row][vc_column width=\u00a0\u00bb1\/4&Prime;][vc_widget_sidebar sidebar_id=\u00a0\u00bbsidebar_3&Prime;][\/vc_column][vc_column width=\u00a0\u00bb3\/4&Prime;][vc_row_inner][vc_column_inner width=\u00a0\u00bb1\/3&Prime;][vc_column_text]<img loading=\"lazy\" decoding=\"async\" class=\"alignnone wp-image-195 aligncenter\" src=\"https:\/\/sea-environnement.fr\/\/wp-content\/uploads\/2020\/12\/16c-Controle-de-reseaux-de-canalisation-1-essonne-91-sea-entretien-assinissement-canalisations.png\" alt=\"16c Controle de reseaux de canalisation 1 essonne 91 sea entretien assinissement canalisations\" width=\"200\" height=\"200\" srcset=\"https:\/\/sea-environnement.fr\/wp-content\/uploads\/2020\/12\/16c-Controle-de-reseaux-de-canalisation-1-essonne-91-sea-entretien-assinissement-canalisations.png 160w, https:\/\/sea-environnement.fr\/wp-content\/uploads\/2020\/12\/16c-Controle-de-reseaux-de-canalisation-1-essonne-91-sea-entretien-assinissement-canalisations-150x150.png 150w\" sizes=\"auto, (max-width: 200px) 100vw, 200px\" \/>[\/vc_column_text][\/vc_column_inner][vc_column_inner width=\u00a0\u00bb1\/3&Prime;][vc_column_text]<img loading=\"lazy\" decoding=\"async\" class=\"alignnone wp-image-363 aligncenter\" src=\"https:\/\/sea-environnement.fr\/\/wp-content\/uploads\/2020\/12\/04-controle-televise-TV-canalisation-essonne-91-sea-entretien-assainissement-canalisations.jpg\" alt=\"04 controle televise TV canalisation essonne 91 sea entretien assainissement canalisations\" width=\"204\" height=\"152\" \/>[\/vc_column_text][\/vc_column_inner][vc_column_inner width=\u00a0\u00bb1\/3&Prime;][vc_column_text]<img loading=\"lazy\" decoding=\"async\" class=\"alignnone wp-image-299 aligncenter\" src=\"https:\/\/sea-environnement.fr\/\/wp-content\/uploads\/2020\/12\/05-controle-televise-dignostic-canalisation-essonne-91-sea-entretien-assainissement-canalisations.jpg\" alt=\"05 controle televise dignostic canalisation essonne 91 sea entretien assainissement canalisations\" width=\"115\" height=\"153\" \/>[\/vc_column_text][\/vc_column_inner][\/vc_row_inner][vc_column_text css=\u00a0\u00bb.vc_custom_1608725598664{border-left-width: 1px !important;padding-left: 20px !important;border-left-color: #1851a5 !important;border-left-style: solid !important;}\u00a0\u00bb]SEA Environnement est le partenaire des canalisateurs et soutient leur politique en termes de qualit\u00e9 en r\u00e9alisant des autocontr\u00f4les li\u00e9s aux travaux neufs de pose de r\u00e9seaux.<\/p>\n<p>Lors de la r\u00e9ception de travaux neufs et de r\u00e9habilitation, SEA Environnement avec l\u2019inspection t\u00e9l\u00e9vis\u00e9e et\/ou visuelle compl\u00e8te les contr\u00f4les de qualit\u00e9 d\u2019\u00e9tanch\u00e9it\u00e9 et de compactage (compacit\u00e9).<\/p>\n<h2>1\/ Le contr\u00f4le de compactage permet de :<\/h2>\n<ul>\n<li>S\u2019assurer des \u00e9paisseurs des couches compact\u00e9es,<\/li>\n<li>Localiser les zones pr\u00e9sentant un d\u00e9faut,<\/li>\n<li>V\u00e9rifier les objectifs de densification.<br \/>\nAfin d\u2019\u00e9viter l\u2019instabilit\u00e9 de l\u2019ouvrage, les risques d\u2019affaissement de chauss\u00e9e, les d\u00e9fauts de pente, l\u2019ovalisation de la conduite, des d\u00e9fauts d\u2019\u00e9tanch\u00e9it\u00e9, l\u2019alt\u00e9ration rapide du r\u00e9seau.<\/li>\n<\/ul>\n<h2>2\/ Contr\u00f4le d\u2019\u00e9tanch\u00e9it\u00e9<\/h2>\n<p>SEA Environnement intervient 12\/12 mois, 7\/7 jours, 24\/24 heures[\/vc_column_text][vc_row_inner][vc_column_inner width=\u00a0\u00bb1\/3&Prime;][\/vc_column_inner][vc_column_inner width=\u00a0\u00bb1\/3&Prime;][vc_btn title=\u00a0\u00bbNous contacter en cliquant ici\u00a0\u00bb color=\u00a0\u00bbprimary\u00a0\u00bb align=\u00a0\u00bbcenter\u00a0\u00bb i_type=\u00a0\u00bbtypicons\u00a0\u00bb i_icon_typicons=\u00a0\u00bbtypcn typcn-arrow-forward-outline\u00a0\u00bb add_icon=\u00a0\u00bbtrue\u00a0\u00bb link=\u00a0\u00bburl:https%3A%2F%2Fwww.eferbecomprod.fr%2Findex.php%2Fcontact%2F|title:Contact\u00a0\u00bb][\/vc_column_inner][vc_column_inner width=\u00a0\u00bb1\/3&Prime;][\/vc_column_inner][\/vc_row_inner][\/vc_column][\/vc_row]<\/p>\n<\/div>","protected":false},"excerpt":{"rendered":"<p>[vc_row][vc_column][vc_column_text] Contr\u00f4le d&rsquo;\u00e9tanch\u00e9it\u00e9 et de compacit\u00e9 (compactage) [\/vc_column_text][\/vc_column][\/vc_row][vc_row][vc_column width=\u00a0\u00bb1\/4&Prime;][vc_widget_sidebar sidebar_id=\u00a0\u00bbsidebar_3&Prime;][\/vc_column][vc_column width=\u00a0\u00bb3\/4&Prime;][vc_row_inner][vc_column_inner width=\u00a0\u00bb1\/3&Prime;][vc_column_text][\/vc_column_text][\/vc_column_inner][vc_column_inner width=\u00a0\u00bb1\/3&Prime;][vc_column_text][\/vc_column_text][\/vc_column_inner][vc_column_inner width=\u00a0\u00bb1\/3&Prime;][vc_column_text][\/vc_column_text][\/vc_column_inner][\/vc_row_inner][vc_column_text css=\u00a0\u00bb.vc_custom_1608725598664{border-left-width: 1px !important;padding-left: 20px !important;border-left-color: #1851a5 !important;border-left-style: solid !important;}\u00a0\u00bb]SEA Environnement est le partenaire des canalisateurs et soutient leur politique en termes de qualit\u00e9 en r\u00e9alisant des autocontr\u00f4les li\u00e9s aux travaux neufs de pose de r\u00e9seaux. Lors de la r\u00e9ception de travaux&hellip;<\/p>\n","protected":false},"author":1,"featured_media":0,"parent":35,"menu_order":0,"comment_status":"closed","ping_status":"closed","template":"","meta":{"footnotes":""},"class_list":["post-54","page","type-page","status-publish","hentry","description-off"],"yoast_head":"<!-- This site is optimized with the Yoast SEO plugin v27.5 - https:\/\/yoast.com\/product\/yoast-seo-wordpress\/ -->\n<title>Contr\u00f4le d&#039;\u00e9tanch\u00e9it\u00e9 et de compacit\u00e9 (compactage) - sea Environnement entretien et assainissement des r\u00e9seaux de canalisations<\/title>\n<meta name=\"description\" content=\"S\u2019assurer des \u00e9paisseurs des couches compact\u00e9es, Localiser les zones pr\u00e9sentant un d\u00e9faut, V\u00e9rifier les objectifs de densification.\" \/>\n<meta name=\"robots\" content=\"index, follow, max-snippet:-1, max-image-preview:large, max-video-preview:-1\" \/>\n<link rel=\"canonical\" href=\"https:\/\/sea-environnement.fr\/index.php\/prestations\/controle-detancheite-et-de-compacite-compactage\/\" \/>\n<meta property=\"og:locale\" content=\"fr_FR\" \/>\n<meta property=\"og:type\" content=\"article\" \/>\n<meta property=\"og:title\" content=\"Contr\u00f4le d&#039;\u00e9tanch\u00e9it\u00e9 et de compacit\u00e9 (compactage) - sea Environnement entretien et assainissement des r\u00e9seaux de canalisations\" \/>\n<meta property=\"og:description\" content=\"S\u2019assurer des \u00e9paisseurs des couches compact\u00e9es, Localiser les zones pr\u00e9sentant un d\u00e9faut, V\u00e9rifier les objectifs de densification.\" \/>\n<meta property=\"og:url\" content=\"https:\/\/sea-environnement.fr\/index.php\/prestations\/controle-detancheite-et-de-compacite-compactage\/\" \/>\n<meta property=\"og:site_name\" content=\"sea Environnement entretien et assainissement des r\u00e9seaux de canalisations\" \/>\n<meta property=\"article:modified_time\" content=\"2020-12-23T14:43:32+00:00\" \/>\n<meta property=\"og:image\" content=\"https:\/\/sea-environnement.fr\/\/wp-content\/uploads\/2020\/12\/16c-Controle-de-reseaux-de-canalisation-1-essonne-91-sea-entretien-assinissement-canalisations.png\" \/>\n<meta name=\"twitter:card\" content=\"summary_large_image\" \/>\n<meta name=\"twitter:label1\" content=\"Dur\u00e9e de lecture estim\u00e9e\" \/>\n\t<meta name=\"twitter:data1\" content=\"2 minutes\" \/>\n<script type=\"application\/ld+json\" class=\"yoast-schema-graph\">{\"@context\":\"https:\\\/\\\/schema.org\",\"@graph\":[{\"@type\":\"WebPage\",\"@id\":\"https:\\\/\\\/sea-environnement.fr\\\/index.php\\\/prestations\\\/controle-detancheite-et-de-compacite-compactage\\\/\",\"url\":\"https:\\\/\\\/sea-environnement.fr\\\/index.php\\\/prestations\\\/controle-detancheite-et-de-compacite-compactage\\\/\",\"name\":\"Contr\u00f4le d'\u00e9tanch\u00e9it\u00e9 et de compacit\u00e9 (compactage) - sea Environnement entretien et assainissement des r\u00e9seaux de canalisations\",\"isPartOf\":{\"@id\":\"https:\\\/\\\/sea-environnement.fr\\\/#website\"},\"primaryImageOfPage\":{\"@id\":\"https:\\\/\\\/sea-environnement.fr\\\/index.php\\\/prestations\\\/controle-detancheite-et-de-compacite-compactage\\\/#primaryimage\"},\"image\":{\"@id\":\"https:\\\/\\\/sea-environnement.fr\\\/index.php\\\/prestations\\\/controle-detancheite-et-de-compacite-compactage\\\/#primaryimage\"},\"thumbnailUrl\":\"https:\\\/\\\/sea-environnement.fr\\\/\\\/wp-content\\\/uploads\\\/2020\\\/12\\\/16c-Controle-de-reseaux-de-canalisation-1-essonne-91-sea-entretien-assinissement-canalisations.png\",\"datePublished\":\"2020-12-16T18:24:45+00:00\",\"dateModified\":\"2020-12-23T14:43:32+00:00\",\"description\":\"S\u2019assurer des \u00e9paisseurs des couches compact\u00e9es, Localiser les zones pr\u00e9sentant un d\u00e9faut, V\u00e9rifier les objectifs de densification.\",\"breadcrumb\":{\"@id\":\"https:\\\/\\\/sea-environnement.fr\\\/index.php\\\/prestations\\\/controle-detancheite-et-de-compacite-compactage\\\/#breadcrumb\"},\"inLanguage\":\"fr-FR\",\"potentialAction\":[{\"@type\":\"ReadAction\",\"target\":[\"https:\\\/\\\/sea-environnement.fr\\\/index.php\\\/prestations\\\/controle-detancheite-et-de-compacite-compactage\\\/\"]}]},{\"@type\":\"ImageObject\",\"inLanguage\":\"fr-FR\",\"@id\":\"https:\\\/\\\/sea-environnement.fr\\\/index.php\\\/prestations\\\/controle-detancheite-et-de-compacite-compactage\\\/#primaryimage\",\"url\":\"https:\\\/\\\/sea-environnement.fr\\\/wp-content\\\/uploads\\\/2020\\\/12\\\/16c-Controle-de-reseaux-de-canalisation-1-essonne-91-sea-entretien-assinissement-canalisations.png\",\"contentUrl\":\"https:\\\/\\\/sea-environnement.fr\\\/wp-content\\\/uploads\\\/2020\\\/12\\\/16c-Controle-de-reseaux-de-canalisation-1-essonne-91-sea-entretien-assinissement-canalisations.png\",\"width\":160,\"height\":160,\"caption\":\"16c Controle de reseaux de canalisation 1 essonne 91 sea entretien assinissement canalisations\"},{\"@type\":\"BreadcrumbList\",\"@id\":\"https:\\\/\\\/sea-environnement.fr\\\/index.php\\\/prestations\\\/controle-detancheite-et-de-compacite-compactage\\\/#breadcrumb\",\"itemListElement\":[{\"@type\":\"ListItem\",\"position\":1,\"name\":\"Accueil\",\"item\":\"https:\\\/\\\/sea-environnement.fr\\\/\"},{\"@type\":\"ListItem\",\"position\":2,\"name\":\"Prestations\",\"item\":\"https:\\\/\\\/sea-environnement.fr\\\/index.php\\\/prestations\\\/\"},{\"@type\":\"ListItem\",\"position\":3,\"name\":\"Contr\u00f4le d&rsquo;\u00e9tanch\u00e9it\u00e9 et de compacit\u00e9 (compactage)\"}]},{\"@type\":\"WebSite\",\"@id\":\"https:\\\/\\\/sea-environnement.fr\\\/#website\",\"url\":\"https:\\\/\\\/sea-environnement.fr\\\/\",\"name\":\"sea Environnement entretien et assainissement des r\u00e9seaux de canalisations\",\"description\":\"sea Environnement entretien et assainissement des r\u00e9seaux de canalisations\",\"potentialAction\":[{\"@type\":\"SearchAction\",\"target\":{\"@type\":\"EntryPoint\",\"urlTemplate\":\"https:\\\/\\\/sea-environnement.fr\\\/?s={search_term_string}\"},\"query-input\":{\"@type\":\"PropertyValueSpecification\",\"valueRequired\":true,\"valueName\":\"search_term_string\"}}],\"inLanguage\":\"fr-FR\"}]}<\/script>\n<!-- \/ Yoast SEO plugin. -->","yoast_head_json":{"title":"Contr\u00f4le d'\u00e9tanch\u00e9it\u00e9 et de compacit\u00e9 (compactage) - sea Environnement entretien et assainissement des r\u00e9seaux de canalisations","description":"S\u2019assurer des \u00e9paisseurs des couches compact\u00e9es, Localiser les zones pr\u00e9sentant un d\u00e9faut, V\u00e9rifier les objectifs de densification.","robots":{"index":"index","follow":"follow","max-snippet":"max-snippet:-1","max-image-preview":"max-image-preview:large","max-video-preview":"max-video-preview:-1"},"canonical":"https:\/\/sea-environnement.fr\/index.php\/prestations\/controle-detancheite-et-de-compacite-compactage\/","og_locale":"fr_FR","og_type":"article","og_title":"Contr\u00f4le d'\u00e9tanch\u00e9it\u00e9 et de compacit\u00e9 (compactage) - sea Environnement entretien et assainissement des r\u00e9seaux de canalisations","og_description":"S\u2019assurer des \u00e9paisseurs des couches compact\u00e9es, Localiser les zones pr\u00e9sentant un d\u00e9faut, V\u00e9rifier les objectifs de densification.","og_url":"https:\/\/sea-environnement.fr\/index.php\/prestations\/controle-detancheite-et-de-compacite-compactage\/","og_site_name":"sea Environnement entretien et assainissement des r\u00e9seaux de canalisations","article_modified_time":"2020-12-23T14:43:32+00:00","og_image":[{"url":"https:\/\/sea-environnement.fr\/\/wp-content\/uploads\/2020\/12\/16c-Controle-de-reseaux-de-canalisation-1-essonne-91-sea-entretien-assinissement-canalisations.png","type":"","width":"","height":""}],"twitter_card":"summary_large_image","twitter_misc":{"Dur\u00e9e de lecture estim\u00e9e":"2 minutes"},"schema":{"@context":"https:\/\/schema.org","@graph":[{"@type":"WebPage","@id":"https:\/\/sea-environnement.fr\/index.php\/prestations\/controle-detancheite-et-de-compacite-compactage\/","url":"https:\/\/sea-environnement.fr\/index.php\/prestations\/controle-detancheite-et-de-compacite-compactage\/","name":"Contr\u00f4le d'\u00e9tanch\u00e9it\u00e9 et de compacit\u00e9 (compactage) - sea Environnement entretien et assainissement des r\u00e9seaux de canalisations","isPartOf":{"@id":"https:\/\/sea-environnement.fr\/#website"},"primaryImageOfPage":{"@id":"https:\/\/sea-environnement.fr\/index.php\/prestations\/controle-detancheite-et-de-compacite-compactage\/#primaryimage"},"image":{"@id":"https:\/\/sea-environnement.fr\/index.php\/prestations\/controle-detancheite-et-de-compacite-compactage\/#primaryimage"},"thumbnailUrl":"https:\/\/sea-environnement.fr\/\/wp-content\/uploads\/2020\/12\/16c-Controle-de-reseaux-de-canalisation-1-essonne-91-sea-entretien-assinissement-canalisations.png","datePublished":"2020-12-16T18:24:45+00:00","dateModified":"2020-12-23T14:43:32+00:00","description":"S\u2019assurer des \u00e9paisseurs des couches compact\u00e9es, Localiser les zones pr\u00e9sentant un d\u00e9faut, V\u00e9rifier les objectifs de densification.","breadcrumb":{"@id":"https:\/\/sea-environnement.fr\/index.php\/prestations\/controle-detancheite-et-de-compacite-compactage\/#breadcrumb"},"inLanguage":"fr-FR","potentialAction":[{"@type":"ReadAction","target":["https:\/\/sea-environnement.fr\/index.php\/prestations\/controle-detancheite-et-de-compacite-compactage\/"]}]},{"@type":"ImageObject","inLanguage":"fr-FR","@id":"https:\/\/sea-environnement.fr\/index.php\/prestations\/controle-detancheite-et-de-compacite-compactage\/#primaryimage","url":"https:\/\/sea-environnement.fr\/wp-content\/uploads\/2020\/12\/16c-Controle-de-reseaux-de-canalisation-1-essonne-91-sea-entretien-assinissement-canalisations.png","contentUrl":"https:\/\/sea-environnement.fr\/wp-content\/uploads\/2020\/12\/16c-Controle-de-reseaux-de-canalisation-1-essonne-91-sea-entretien-assinissement-canalisations.png","width":160,"height":160,"caption":"16c Controle de reseaux de canalisation 1 essonne 91 sea entretien assinissement canalisations"},{"@type":"BreadcrumbList","@id":"https:\/\/sea-environnement.fr\/index.php\/prestations\/controle-detancheite-et-de-compacite-compactage\/#breadcrumb","itemListElement":[{"@type":"ListItem","position":1,"name":"Accueil","item":"https:\/\/sea-environnement.fr\/"},{"@type":"ListItem","position":2,"name":"Prestations","item":"https:\/\/sea-environnement.fr\/index.php\/prestations\/"},{"@type":"ListItem","position":3,"name":"Contr\u00f4le d&rsquo;\u00e9tanch\u00e9it\u00e9 et de compacit\u00e9 (compactage)"}]},{"@type":"WebSite","@id":"https:\/\/sea-environnement.fr\/#website","url":"https:\/\/sea-environnement.fr\/","name":"sea Environnement entretien et assainissement des r\u00e9seaux de canalisations","description":"sea Environnement entretien et assainissement des r\u00e9seaux de canalisations","potentialAction":[{"@type":"SearchAction","target":{"@type":"EntryPoint","urlTemplate":"https:\/\/sea-environnement.fr\/?s={search_term_string}"},"query-input":{"@type":"PropertyValueSpecification","valueRequired":true,"valueName":"search_term_string"}}],"inLanguage":"fr-FR"}]}},"_links":{"self":[{"href":"https:\/\/sea-environnement.fr\/index.php\/wp-json\/wp\/v2\/pages\/54","targetHints":{"allow":["GET"]}}],"collection":[{"href":"https:\/\/sea-environnement.fr\/index.php\/wp-json\/wp\/v2\/pages"}],"about":[{"href":"https:\/\/sea-environnement.fr\/index.php\/wp-json\/wp\/v2\/types\/page"}],"author":[{"embeddable":true,"href":"https:\/\/sea-environnement.fr\/index.php\/wp-json\/wp\/v2\/users\/1"}],"replies":[{"embeddable":true,"href":"https:\/\/sea-environnement.fr\/index.php\/wp-json\/wp\/v2\/comments?post=54"}],"version-history":[{"count":7,"href":"https:\/\/sea-environnement.fr\/index.php\/wp-json\/wp\/v2\/pages\/54\/revisions"}],"predecessor-version":[{"id":362,"href":"https:\/\/sea-environnement.fr\/index.php\/wp-json\/wp\/v2\/pages\/54\/revisions\/362"}],"up":[{"embeddable":true,"href":"https:\/\/sea-environnement.fr\/index.php\/wp-json\/wp\/v2\/pages\/35"}],"wp:attachment":[{"href":"https:\/\/sea-environnement.fr\/index.php\/wp-json\/wp\/v2\/media?parent=54"}],"curies":[{"name":"wp","href":"https:\/\/api.w.org\/{rel}","templated":true}]}}