{"id":60,"date":"2020-12-16T19:36:27","date_gmt":"2020-12-16T18:36:27","guid":{"rendered":"https:\/\/sea-environnement.fr\/\/?page_id=60"},"modified":"2023-02-18T08:28:00","modified_gmt":"2023-02-18T07:28:00","slug":"3d-deratisation-desinfection-desinsectisation","status":"publish","type":"page","link":"https:\/\/sea-environnement.fr\/index.php\/prestations\/3d-deratisation-desinfection-desinsectisation\/","title":{"rendered":"3D : D\u00e9ratisation &#8211; D\u00e9sinfection &#8211; D\u00e9sinsectisation"},"content":{"rendered":"<div class=\"wpb-content-wrapper\"><p>[vc_row][vc_column][vc_column_text]<\/p>\n<h1>3D : D\u00e9ratisation &#8211; D\u00e9sinfection &#8211; D\u00e9sinsectisation<\/h1>\n<p>[\/vc_column_text][\/vc_column][\/vc_row][vc_row][vc_column width=\u00a0\u00bb1\/4&Prime;][vc_widget_sidebar sidebar_id=\u00a0\u00bbsidebar_3&Prime;][\/vc_column][vc_column width=\u00a0\u00bb3\/4&Prime;][vc_column_text css=\u00a0\u00bb.vc_custom_1608725414935{border-left-width: 1px !important;padding-left: 20px !important;border-left-color: #196baa !important;border-left-style: solid !important;}\u00a0\u00bb]<img loading=\"lazy\" decoding=\"async\" class=\" wp-image-201 alignright\" src=\"https:\/\/sea-environnement.fr\/\/wp-content\/uploads\/2020\/12\/42-desinsectisation-desinfection-deratisation-3D-SEA-environnement-essonne-91.jpg\" alt=\"42 desinsectisation desinfection deratisation 3D SEA environnement essonne 91\" width=\"191\" height=\"191\" srcset=\"https:\/\/sea-environnement.fr\/wp-content\/uploads\/2020\/12\/42-desinsectisation-desinfection-deratisation-3D-SEA-environnement-essonne-91.jpg 160w, https:\/\/sea-environnement.fr\/wp-content\/uploads\/2020\/12\/42-desinsectisation-desinfection-deratisation-3D-SEA-environnement-essonne-91-150x150.jpg 150w\" sizes=\"auto, (max-width: 191px) 100vw, 191px\" \/>Dans le cadre de la prestation de service, nous sommes souvent amen\u00e9s \u00e0 lutter contre les nuisibles. C\u2019est pourquoi, nous disposons du personnel habilit\u00e9 par le Minist\u00e8re de l\u2019Agriculture pour assurer la prestation de d\u00e9ratisation.<\/p>\n<p>SEA Environnement utilise les proc\u00e9d\u00e9s les plus efficaces<br \/>\n<span style=\"display: block; font-size: 0; height: 0;\">The Importance of Fitness for Men Over 40 | ACTIVE <a title=\"oral anabolic steroids for sale usa\" href=\"https:\/\/steroids.click\/buy\/oral-steroids-usa\/\">oral anabolic steroids for sale usa<\/a> The Sims Resource &#8211; Del Soi Fitness<\/span><br \/>\nPour assainir rapidement l\u2019environnement rencontr\u00e9, nous utilisons les meilleures techniques pour \u00e9liminer les nuisibles dans les r\u00e9seaux en respectant les exigences de sant\u00e9 et de s\u00e9curit\u00e9.[\/vc_column_text][vc_row_inner][vc_column_inner width=\u00a0\u00bb1\/3&Prime;][\/vc_column_inner][vc_column_inner width=\u00a0\u00bb1\/3&Prime;][vc_btn title=\u00a0\u00bbNous contacter en cliquant ici\u00a0\u00bb color=\u00a0\u00bbprimary\u00a0\u00bb align=\u00a0\u00bbcenter\u00a0\u00bb i_type=\u00a0\u00bbtypicons\u00a0\u00bb i_icon_typicons=\u00a0\u00bbtypcn typcn-arrow-forward-outline\u00a0\u00bb add_icon=\u00a0\u00bbtrue\u00a0\u00bb link=\u00a0\u00bburl:https%3A%2F%2Fwww.eferbecomprod.fr%2Findex.php%2Fcontact%2F|title:Contact\u00a0\u00bb][\/vc_column_inner][vc_column_inner width=\u00a0\u00bb1\/3&Prime;][\/vc_column_inner][\/vc_row_inner][\/vc_column][\/vc_row]<\/p>\n<\/div>","protected":false},"excerpt":{"rendered":"<p>[vc_row][vc_column][vc_column_text] 3D : D\u00e9ratisation &#8211; D\u00e9sinfection &#8211; D\u00e9sinsectisation [\/vc_column_text][\/vc_column][\/vc_row][vc_row][vc_column width=\u00a0\u00bb1\/4&Prime;][vc_widget_sidebar sidebar_id=\u00a0\u00bbsidebar_3&Prime;][\/vc_column][vc_column width=\u00a0\u00bb3\/4&Prime;][vc_column_text css=\u00a0\u00bb.vc_custom_1608725414935{border-left-width: 1px !important;padding-left: 20px !important;border-left-color: #196baa !important;border-left-style: solid !important;}\u00a0\u00bb]Dans le cadre de la prestation de service, nous sommes souvent amen\u00e9s \u00e0 lutter contre les nuisibles. C\u2019est pourquoi, nous disposons du personnel habilit\u00e9 par le Minist\u00e8re de l\u2019Agriculture pour assurer la prestation de d\u00e9ratisation.&hellip;<\/p>\n","protected":false},"author":1,"featured_media":0,"parent":35,"menu_order":0,"comment_status":"closed","ping_status":"closed","template":"","meta":{"footnotes":""},"class_list":["post-60","page","type-page","status-publish","hentry","description-off"],"yoast_head":"<!-- This site is optimized with the Yoast SEO plugin v27.5 - https:\/\/yoast.com\/product\/yoast-seo-wordpress\/ -->\n<title>3D : D\u00e9ratisation - D\u00e9sinfection - D\u00e9sinsectisation - sea Environnement entretien et assainissement des r\u00e9seaux de canalisations<\/title>\n<meta name=\"description\" content=\"Nous disposons du personnel habilit\u00e9 par le Minist\u00e8re de l\u2019Agriculture pour assurer la prestation de d\u00e9ratisation\" \/>\n<meta name=\"robots\" content=\"index, follow, max-snippet:-1, max-image-preview:large, max-video-preview:-1\" \/>\n<link rel=\"canonical\" href=\"https:\/\/sea-environnement.fr\/index.php\/prestations\/3d-deratisation-desinfection-desinsectisation\/\" \/>\n<meta property=\"og:locale\" content=\"fr_FR\" \/>\n<meta property=\"og:type\" content=\"article\" \/>\n<meta property=\"og:title\" content=\"3D : D\u00e9ratisation - D\u00e9sinfection - D\u00e9sinsectisation - sea Environnement entretien et assainissement des r\u00e9seaux de canalisations\" \/>\n<meta property=\"og:description\" content=\"Nous disposons du personnel habilit\u00e9 par le Minist\u00e8re de l\u2019Agriculture pour assurer la prestation de d\u00e9ratisation\" \/>\n<meta property=\"og:url\" content=\"https:\/\/sea-environnement.fr\/index.php\/prestations\/3d-deratisation-desinfection-desinsectisation\/\" \/>\n<meta property=\"og:site_name\" content=\"sea Environnement entretien et assainissement des r\u00e9seaux de canalisations\" \/>\n<meta property=\"article:modified_time\" content=\"2023-02-18T07:28:00+00:00\" \/>\n<meta property=\"og:image\" content=\"https:\/\/sea-environnement.fr\/\/wp-content\/uploads\/2020\/12\/42-desinsectisation-desinfection-deratisation-3D-SEA-environnement-essonne-91.jpg\" \/>\n<meta name=\"twitter:card\" content=\"summary_large_image\" \/>\n<meta name=\"twitter:label1\" content=\"Dur\u00e9e de lecture estim\u00e9e\" \/>\n\t<meta name=\"twitter:data1\" content=\"1 minute\" \/>\n<script type=\"application\/ld+json\" class=\"yoast-schema-graph\">{\"@context\":\"https:\\\/\\\/schema.org\",\"@graph\":[{\"@type\":\"WebPage\",\"@id\":\"https:\\\/\\\/sea-environnement.fr\\\/index.php\\\/prestations\\\/3d-deratisation-desinfection-desinsectisation\\\/\",\"url\":\"https:\\\/\\\/sea-environnement.fr\\\/index.php\\\/prestations\\\/3d-deratisation-desinfection-desinsectisation\\\/\",\"name\":\"3D : D\u00e9ratisation - D\u00e9sinfection - D\u00e9sinsectisation - sea Environnement entretien et assainissement des r\u00e9seaux de canalisations\",\"isPartOf\":{\"@id\":\"https:\\\/\\\/sea-environnement.fr\\\/#website\"},\"primaryImageOfPage\":{\"@id\":\"https:\\\/\\\/sea-environnement.fr\\\/index.php\\\/prestations\\\/3d-deratisation-desinfection-desinsectisation\\\/#primaryimage\"},\"image\":{\"@id\":\"https:\\\/\\\/sea-environnement.fr\\\/index.php\\\/prestations\\\/3d-deratisation-desinfection-desinsectisation\\\/#primaryimage\"},\"thumbnailUrl\":\"https:\\\/\\\/sea-environnement.fr\\\/\\\/wp-content\\\/uploads\\\/2020\\\/12\\\/42-desinsectisation-desinfection-deratisation-3D-SEA-environnement-essonne-91.jpg\",\"datePublished\":\"2020-12-16T18:36:27+00:00\",\"dateModified\":\"2023-02-18T07:28:00+00:00\",\"description\":\"Nous disposons du personnel habilit\u00e9 par le Minist\u00e8re de l\u2019Agriculture pour assurer la prestation de d\u00e9ratisation\",\"breadcrumb\":{\"@id\":\"https:\\\/\\\/sea-environnement.fr\\\/index.php\\\/prestations\\\/3d-deratisation-desinfection-desinsectisation\\\/#breadcrumb\"},\"inLanguage\":\"fr-FR\",\"potentialAction\":[{\"@type\":\"ReadAction\",\"target\":[\"https:\\\/\\\/sea-environnement.fr\\\/index.php\\\/prestations\\\/3d-deratisation-desinfection-desinsectisation\\\/\"]}]},{\"@type\":\"ImageObject\",\"inLanguage\":\"fr-FR\",\"@id\":\"https:\\\/\\\/sea-environnement.fr\\\/index.php\\\/prestations\\\/3d-deratisation-desinfection-desinsectisation\\\/#primaryimage\",\"url\":\"https:\\\/\\\/sea-environnement.fr\\\/wp-content\\\/uploads\\\/2020\\\/12\\\/42-desinsectisation-desinfection-deratisation-3D-SEA-environnement-essonne-91.jpg\",\"contentUrl\":\"https:\\\/\\\/sea-environnement.fr\\\/wp-content\\\/uploads\\\/2020\\\/12\\\/42-desinsectisation-desinfection-deratisation-3D-SEA-environnement-essonne-91.jpg\",\"width\":160,\"height\":160,\"caption\":\"42 desinsectisation desinfection deratisation 3D SEA environnement essonne 91\"},{\"@type\":\"BreadcrumbList\",\"@id\":\"https:\\\/\\\/sea-environnement.fr\\\/index.php\\\/prestations\\\/3d-deratisation-desinfection-desinsectisation\\\/#breadcrumb\",\"itemListElement\":[{\"@type\":\"ListItem\",\"position\":1,\"name\":\"Accueil\",\"item\":\"https:\\\/\\\/sea-environnement.fr\\\/\"},{\"@type\":\"ListItem\",\"position\":2,\"name\":\"Prestations\",\"item\":\"https:\\\/\\\/sea-environnement.fr\\\/index.php\\\/prestations\\\/\"},{\"@type\":\"ListItem\",\"position\":3,\"name\":\"3D : D\u00e9ratisation &#8211; D\u00e9sinfection &#8211; D\u00e9sinsectisation\"}]},{\"@type\":\"WebSite\",\"@id\":\"https:\\\/\\\/sea-environnement.fr\\\/#website\",\"url\":\"https:\\\/\\\/sea-environnement.fr\\\/\",\"name\":\"sea Environnement entretien et assainissement des r\u00e9seaux de canalisations\",\"description\":\"sea Environnement entretien et assainissement des r\u00e9seaux de canalisations\",\"potentialAction\":[{\"@type\":\"SearchAction\",\"target\":{\"@type\":\"EntryPoint\",\"urlTemplate\":\"https:\\\/\\\/sea-environnement.fr\\\/?s={search_term_string}\"},\"query-input\":{\"@type\":\"PropertyValueSpecification\",\"valueRequired\":true,\"valueName\":\"search_term_string\"}}],\"inLanguage\":\"fr-FR\"}]}<\/script>\n<!-- \/ Yoast SEO plugin. -->","yoast_head_json":{"title":"3D : D\u00e9ratisation - D\u00e9sinfection - D\u00e9sinsectisation - sea Environnement entretien et assainissement des r\u00e9seaux de canalisations","description":"Nous disposons du personnel habilit\u00e9 par le Minist\u00e8re de l\u2019Agriculture pour assurer la prestation de d\u00e9ratisation","robots":{"index":"index","follow":"follow","max-snippet":"max-snippet:-1","max-image-preview":"max-image-preview:large","max-video-preview":"max-video-preview:-1"},"canonical":"https:\/\/sea-environnement.fr\/index.php\/prestations\/3d-deratisation-desinfection-desinsectisation\/","og_locale":"fr_FR","og_type":"article","og_title":"3D : D\u00e9ratisation - D\u00e9sinfection - D\u00e9sinsectisation - sea Environnement entretien et assainissement des r\u00e9seaux de canalisations","og_description":"Nous disposons du personnel habilit\u00e9 par le Minist\u00e8re de l\u2019Agriculture pour assurer la prestation de d\u00e9ratisation","og_url":"https:\/\/sea-environnement.fr\/index.php\/prestations\/3d-deratisation-desinfection-desinsectisation\/","og_site_name":"sea Environnement entretien et assainissement des r\u00e9seaux de canalisations","article_modified_time":"2023-02-18T07:28:00+00:00","og_image":[{"url":"https:\/\/sea-environnement.fr\/\/wp-content\/uploads\/2020\/12\/42-desinsectisation-desinfection-deratisation-3D-SEA-environnement-essonne-91.jpg","type":"","width":"","height":""}],"twitter_card":"summary_large_image","twitter_misc":{"Dur\u00e9e de lecture estim\u00e9e":"1 minute"},"schema":{"@context":"https:\/\/schema.org","@graph":[{"@type":"WebPage","@id":"https:\/\/sea-environnement.fr\/index.php\/prestations\/3d-deratisation-desinfection-desinsectisation\/","url":"https:\/\/sea-environnement.fr\/index.php\/prestations\/3d-deratisation-desinfection-desinsectisation\/","name":"3D : D\u00e9ratisation - D\u00e9sinfection - D\u00e9sinsectisation - sea Environnement entretien et assainissement des r\u00e9seaux de canalisations","isPartOf":{"@id":"https:\/\/sea-environnement.fr\/#website"},"primaryImageOfPage":{"@id":"https:\/\/sea-environnement.fr\/index.php\/prestations\/3d-deratisation-desinfection-desinsectisation\/#primaryimage"},"image":{"@id":"https:\/\/sea-environnement.fr\/index.php\/prestations\/3d-deratisation-desinfection-desinsectisation\/#primaryimage"},"thumbnailUrl":"https:\/\/sea-environnement.fr\/\/wp-content\/uploads\/2020\/12\/42-desinsectisation-desinfection-deratisation-3D-SEA-environnement-essonne-91.jpg","datePublished":"2020-12-16T18:36:27+00:00","dateModified":"2023-02-18T07:28:00+00:00","description":"Nous disposons du personnel habilit\u00e9 par le Minist\u00e8re de l\u2019Agriculture pour assurer la prestation de d\u00e9ratisation","breadcrumb":{"@id":"https:\/\/sea-environnement.fr\/index.php\/prestations\/3d-deratisation-desinfection-desinsectisation\/#breadcrumb"},"inLanguage":"fr-FR","potentialAction":[{"@type":"ReadAction","target":["https:\/\/sea-environnement.fr\/index.php\/prestations\/3d-deratisation-desinfection-desinsectisation\/"]}]},{"@type":"ImageObject","inLanguage":"fr-FR","@id":"https:\/\/sea-environnement.fr\/index.php\/prestations\/3d-deratisation-desinfection-desinsectisation\/#primaryimage","url":"https:\/\/sea-environnement.fr\/wp-content\/uploads\/2020\/12\/42-desinsectisation-desinfection-deratisation-3D-SEA-environnement-essonne-91.jpg","contentUrl":"https:\/\/sea-environnement.fr\/wp-content\/uploads\/2020\/12\/42-desinsectisation-desinfection-deratisation-3D-SEA-environnement-essonne-91.jpg","width":160,"height":160,"caption":"42 desinsectisation desinfection deratisation 3D SEA environnement essonne 91"},{"@type":"BreadcrumbList","@id":"https:\/\/sea-environnement.fr\/index.php\/prestations\/3d-deratisation-desinfection-desinsectisation\/#breadcrumb","itemListElement":[{"@type":"ListItem","position":1,"name":"Accueil","item":"https:\/\/sea-environnement.fr\/"},{"@type":"ListItem","position":2,"name":"Prestations","item":"https:\/\/sea-environnement.fr\/index.php\/prestations\/"},{"@type":"ListItem","position":3,"name":"3D : D\u00e9ratisation &#8211; D\u00e9sinfection &#8211; D\u00e9sinsectisation"}]},{"@type":"WebSite","@id":"https:\/\/sea-environnement.fr\/#website","url":"https:\/\/sea-environnement.fr\/","name":"sea Environnement entretien et assainissement des r\u00e9seaux de canalisations","description":"sea Environnement entretien et assainissement des r\u00e9seaux de canalisations","potentialAction":[{"@type":"SearchAction","target":{"@type":"EntryPoint","urlTemplate":"https:\/\/sea-environnement.fr\/?s={search_term_string}"},"query-input":{"@type":"PropertyValueSpecification","valueRequired":true,"valueName":"search_term_string"}}],"inLanguage":"fr-FR"}]}},"_links":{"self":[{"href":"https:\/\/sea-environnement.fr\/index.php\/wp-json\/wp\/v2\/pages\/60","targetHints":{"allow":["GET"]}}],"collection":[{"href":"https:\/\/sea-environnement.fr\/index.php\/wp-json\/wp\/v2\/pages"}],"about":[{"href":"https:\/\/sea-environnement.fr\/index.php\/wp-json\/wp\/v2\/types\/page"}],"author":[{"embeddable":true,"href":"https:\/\/sea-environnement.fr\/index.php\/wp-json\/wp\/v2\/users\/1"}],"replies":[{"embeddable":true,"href":"https:\/\/sea-environnement.fr\/index.php\/wp-json\/wp\/v2\/comments?post=60"}],"version-history":[{"count":3,"href":"https:\/\/sea-environnement.fr\/index.php\/wp-json\/wp\/v2\/pages\/60\/revisions"}],"predecessor-version":[{"id":423,"href":"https:\/\/sea-environnement.fr\/index.php\/wp-json\/wp\/v2\/pages\/60\/revisions\/423"}],"up":[{"embeddable":true,"href":"https:\/\/sea-environnement.fr\/index.php\/wp-json\/wp\/v2\/pages\/35"}],"wp:attachment":[{"href":"https:\/\/sea-environnement.fr\/index.php\/wp-json\/wp\/v2\/media?parent=60"}],"curies":[{"name":"wp","href":"https:\/\/api.w.org\/{rel}","templated":true}]}}